{"id":2137,"date":"2025-10-14T10:58:17","date_gmt":"2025-10-14T10:58:17","guid":{"rendered":"https:\/\/nachohogar.com\/?page_id=2137"},"modified":"2025-10-15T08:57:43","modified_gmt":"2025-10-15T08:57:43","slug":"planes-de-pago-y-envio-incluido","status":"publish","type":"page","link":"https:\/\/nachohogar.com\/en\/planes-de-pago-y-envio-incluido\/","title":{"rendered":"Planes de pago y env\u00edo incluido"},"content":{"rendered":"<div data-elementor-type=\"wp-page\" data-elementor-id=\"2137\" class=\"elementor elementor-2137\">\n\t\t\t\t<div class=\"elementor-element elementor-element-1f36c9a e-flex e-con-boxed e-con e-parent\" data-id=\"1f36c9a\" data-element_type=\"container\" data-e-type=\"container\" data-settings=\"{&quot;background_background&quot;:&quot;classic&quot;}\">\n\t\t\t\t\t<div class=\"e-con-inner\">\n\t\t<div class=\"elementor-element elementor-element-320191e e-con-full e-flex e-con e-child\" data-id=\"320191e\" data-element_type=\"container\" data-e-type=\"container\">\n\t\t\t\t<div class=\"elementor-element elementor-element-8467155 elementor-widget elementor-widget-image\" data-id=\"8467155\" data-element_type=\"widget\" data-e-type=\"widget\" data-widget_type=\"image.default\">\n\t\t\t\t<div class=\"elementor-widget-container\">\n\t\t\t\t\t\t\t\t\t\t\t\t\t\t\t<img fetchpriority=\"high\" decoding=\"async\" width=\"2560\" height=\"1920\" src=\"https:\/\/nachohogar.com\/wp-content\/uploads\/2025\/10\/pexels-energepic-com-27411-2988232-scaled.jpg\" class=\"attachment-full size-full wp-image-2496\" alt=\"\" srcset=\"https:\/\/nachohogar.com\/wp-content\/uploads\/2025\/10\/pexels-energepic-com-27411-2988232-scaled.jpg 2560w, https:\/\/nachohogar.com\/wp-content\/uploads\/2025\/10\/pexels-energepic-com-27411-2988232-300x225.jpg 300w, https:\/\/nachohogar.com\/wp-content\/uploads\/2025\/10\/pexels-energepic-com-27411-2988232-1024x768.jpg 1024w, https:\/\/nachohogar.com\/wp-content\/uploads\/2025\/10\/pexels-energepic-com-27411-2988232-768x576.jpg 768w, https:\/\/nachohogar.com\/wp-content\/uploads\/2025\/10\/pexels-energepic-com-27411-2988232-1536x1152.jpg 1536w, https:\/\/nachohogar.com\/wp-content\/uploads\/2025\/10\/pexels-energepic-com-27411-2988232-2048x1536.jpg 2048w, https:\/\/nachohogar.com\/wp-content\/uploads\/2025\/10\/pexels-energepic-com-27411-2988232-16x12.jpg 16w, https:\/\/nachohogar.com\/wp-content\/uploads\/2025\/10\/pexels-energepic-com-27411-2988232-600x450.jpg 600w\" sizes=\"(max-width: 2560px) 100vw, 2560px\" \/>\t\t\t\t\t\t\t\t\t\t\t\t\t\t\t<\/div>\n\t\t\t\t<\/div>\n\t\t\t\t<div class=\"elementor-element elementor-element-433a9f5 elementor-widget elementor-widget-spacer\" data-id=\"433a9f5\" data-element_type=\"widget\" data-e-type=\"widget\" data-widget_type=\"spacer.default\">\n\t\t\t\t<div class=\"elementor-widget-container\">\n\t\t\t\t\t\t\t<div class=\"elementor-spacer\">\n\t\t\t<div class=\"elementor-spacer-inner\"><\/div>\n\t\t<\/div>\n\t\t\t\t\t\t<\/div>\n\t\t\t\t<\/div>\n\t\t\t\t<div class=\"elementor-element elementor-element-253ecb2 elementor-widget elementor-widget-allmart_text_circle\" data-id=\"253ecb2\" data-element_type=\"widget\" data-e-type=\"widget\" data-widget_type=\"allmart_text_circle.default\">\n\t\t\t\t<div class=\"elementor-widget-container\">\n\t\t\t\t\t        <div class=\"hm1_about_us\">\r\n            <div class=\"circle\">\r\n                <div class=\"logo\"><\/div>\r\n                <div class=\"text-circle\">\r\n                    <p>\r\n                        <span>PRODUCTOS CON GARANT\u00cdA \u00b7 SERVICIO CONFIABLE<\/span>\r\n                    <\/p>\r\n                <\/div>\r\n            <\/div>\r\n        <\/div>\r\n\t\t\t\t\t\t<\/div>\n\t\t\t\t<\/div>\n\t\t\t\t<\/div>\n\t\t<div class=\"elementor-element elementor-element-cf53ecd e-con-full e-flex e-con e-child\" data-id=\"cf53ecd\" data-element_type=\"container\" data-e-type=\"container\">\n\t\t<div class=\"elementor-element elementor-element-e56c261 e-con-full e-flex e-con e-child\" data-id=\"e56c261\" data-element_type=\"container\" data-e-type=\"container\">\n\t\t\t\t<div class=\"elementor-element elementor-element-f00d4ed elementor-widget elementor-widget-heading\" data-id=\"f00d4ed\" data-element_type=\"widget\" data-e-type=\"widget\" data-widget_type=\"heading.default\">\n\t\t\t\t<div class=\"elementor-widget-container\">\n\t\t\t\t\t<h2 class=\"elementor-heading-title elementor-size-default\">Soluciones accesibles para equipar tu hogar y comercio<\/h2>\t\t\t\t<\/div>\n\t\t\t\t<\/div>\n\t\t\t\t<div class=\"elementor-element elementor-element-85f8847 elementor-widget__width-initial elementor-widget elementor-widget-heading\" data-id=\"85f8847\" data-element_type=\"widget\" data-e-type=\"widget\" data-widget_type=\"heading.default\">\n\t\t\t\t<div class=\"elementor-widget-container\">\n\t\t\t\t\t<h2 class=\"elementor-heading-title elementor-size-default\">Facilitamos tus compras con planes de financiaci\u00f3n flexibles y env\u00edo incluido en todos nuestros productos.<\/h2>\t\t\t\t<\/div>\n\t\t\t\t<\/div>\n\t\t\t\t<\/div>\n\t\t<div class=\"elementor-element elementor-element-dfe9c00 e-con-full e-flex e-con e-child\" data-id=\"dfe9c00\" data-element_type=\"container\" data-e-type=\"container\">\n\t\t<div class=\"elementor-element elementor-element-87aad5b e-con-full e-flex e-con e-child\" data-id=\"87aad5b\" data-element_type=\"container\" data-e-type=\"container\">\n\t\t\t\t<div class=\"elementor-element elementor-element-66abee7 elementor-widget elementor-widget-image\" data-id=\"66abee7\" data-element_type=\"widget\" data-e-type=\"widget\" data-widget_type=\"image.default\">\n\t\t\t\t<div class=\"elementor-widget-container\">\n\t\t\t\t\t\t\t\t\t\t\t\t\t\t\t<img decoding=\"async\" width=\"2560\" height=\"1707\" src=\"https:\/\/nachohogar.com\/wp-content\/uploads\/2025\/10\/gabrielle-henderson-HJckKnwCXxQ-unsplash-scaled.jpg\" class=\"attachment-full size-full wp-image-2497\" alt=\"\" srcset=\"https:\/\/nachohogar.com\/wp-content\/uploads\/2025\/10\/gabrielle-henderson-HJckKnwCXxQ-unsplash-scaled.jpg 2560w, https:\/\/nachohogar.com\/wp-content\/uploads\/2025\/10\/gabrielle-henderson-HJckKnwCXxQ-unsplash-300x200.jpg 300w, https:\/\/nachohogar.com\/wp-content\/uploads\/2025\/10\/gabrielle-henderson-HJckKnwCXxQ-unsplash-1024x683.jpg 1024w, https:\/\/nachohogar.com\/wp-content\/uploads\/2025\/10\/gabrielle-henderson-HJckKnwCXxQ-unsplash-768x512.jpg 768w, https:\/\/nachohogar.com\/wp-content\/uploads\/2025\/10\/gabrielle-henderson-HJckKnwCXxQ-unsplash-1536x1024.jpg 1536w, https:\/\/nachohogar.com\/wp-content\/uploads\/2025\/10\/gabrielle-henderson-HJckKnwCXxQ-unsplash-2048x1365.jpg 2048w, https:\/\/nachohogar.com\/wp-content\/uploads\/2025\/10\/gabrielle-henderson-HJckKnwCXxQ-unsplash-18x12.jpg 18w, https:\/\/nachohogar.com\/wp-content\/uploads\/2025\/10\/gabrielle-henderson-HJckKnwCXxQ-unsplash-450x300.jpg 450w, https:\/\/nachohogar.com\/wp-content\/uploads\/2025\/10\/gabrielle-henderson-HJckKnwCXxQ-unsplash-600x400.jpg 600w\" sizes=\"(max-width: 2560px) 100vw, 2560px\" \/>\t\t\t\t\t\t\t\t\t\t\t\t\t\t\t<\/div>\n\t\t\t\t<\/div>\n\t\t\t\t<\/div>\n\t\t<div class=\"elementor-element elementor-element-c6274a4 e-con-full e-flex e-con e-child\" data-id=\"c6274a4\" data-element_type=\"container\" data-e-type=\"container\">\n\t\t\t\t<div class=\"elementor-element elementor-element-c1e0dac elementor-widget elementor-widget-text-editor\" data-id=\"c1e0dac\" data-element_type=\"widget\" data-e-type=\"widget\" data-widget_type=\"text-editor.default\">\n\t\t\t\t<div class=\"elementor-widget-container\">\n\t\t\t\t\t\t\t\t\t<p>Trabajamos d\u00eda a d\u00eda para ofrecerte opciones c\u00f3modas, seguras y adaptadas a tus necesidades, con el respaldo de las marcas m\u00e1s confiables del pa\u00eds.<\/p>\t\t\t\t\t\t\t\t<\/div>\n\t\t\t\t<\/div>\n\t\t\t\t<div class=\"elementor-element elementor-element-2b69f05 elementor-icon-list--layout-traditional elementor-list-item-link-full_width elementor-widget elementor-widget-icon-list\" data-id=\"2b69f05\" data-element_type=\"widget\" data-e-type=\"widget\" data-widget_type=\"icon-list.default\">\n\t\t\t\t<div class=\"elementor-widget-container\">\n\t\t\t\t\t\t\t<ul class=\"elementor-icon-list-items\">\n\t\t\t\t\t\t\t<li class=\"elementor-icon-list-item\">\n\t\t\t\t\t\t\t\t\t\t\t<span class=\"elementor-icon-list-icon\">\n\t\t\t\t\t\t\t<svg xmlns=\"http:\/\/www.w3.org\/2000\/svg\" width=\"24\" height=\"24\" viewbox=\"0 0 24 24\" fill=\"none\"><circle cx=\"12\" cy=\"12\" r=\"11.5\" fill=\"white\" stroke=\"#EBEBEB\"><\/circle><path d=\"M10.1875 16L10.0785 15.8154C9.26079 14.4302 7.08573 11.4877 7.0638 11.4581L7 11.3719L7.8183 10.5682L10.1599 12.1939C11.6275 10.308 12.9947 9.01017 13.889 8.24956C14.8771 7.40926 15.5026 7.03325 15.5286 7.01765L15.5582 7H17L16.7558 7.21622C13.6725 9.94674 10.3275 15.7556 10.2941 15.814L10.1875 16Z\" fill=\"#110A2C\"><\/path><\/svg>\t\t\t\t\t\t<\/span>\n\t\t\t\t\t\t\t\t\t\t<span class=\"elementor-icon-list-text\">Financiaci\u00f3n personalizada seg\u00fan tu perfil<\/span>\n\t\t\t\t\t\t\t\t\t<\/li>\n\t\t\t\t\t\t\t\t<li class=\"elementor-icon-list-item\">\n\t\t\t\t\t\t\t\t\t\t\t<span class=\"elementor-icon-list-icon\">\n\t\t\t\t\t\t\t<svg xmlns=\"http:\/\/www.w3.org\/2000\/svg\" width=\"24\" height=\"24\" viewbox=\"0 0 24 24\" fill=\"none\"><circle cx=\"12\" cy=\"12\" r=\"11.5\" fill=\"white\" stroke=\"#EBEBEB\"><\/circle><path d=\"M10.1875 16L10.0785 15.8154C9.26079 14.4302 7.08573 11.4877 7.0638 11.4581L7 11.3719L7.8183 10.5682L10.1599 12.1939C11.6275 10.308 12.9947 9.01017 13.889 8.24956C14.8771 7.40926 15.5026 7.03325 15.5286 7.01765L15.5582 7H17L16.7558 7.21622C13.6725 9.94674 10.3275 15.7556 10.2941 15.814L10.1875 16Z\" fill=\"#110A2C\"><\/path><\/svg>\t\t\t\t\t\t<\/span>\n\t\t\t\t\t\t\t\t\t\t<span class=\"elementor-icon-list-text\">Hasta 18 meses de plazo o cuotas semanales<\/span>\n\t\t\t\t\t\t\t\t\t<\/li>\n\t\t\t\t\t\t\t\t<li class=\"elementor-icon-list-item\">\n\t\t\t\t\t\t\t\t\t\t\t<span class=\"elementor-icon-list-icon\">\n\t\t\t\t\t\t\t<svg xmlns=\"http:\/\/www.w3.org\/2000\/svg\" width=\"24\" height=\"24\" viewbox=\"0 0 24 24\" fill=\"none\"><circle cx=\"12\" cy=\"12\" r=\"11.5\" fill=\"white\" stroke=\"#EBEBEB\"><\/circle><path d=\"M10.1875 16L10.0785 15.8154C9.26079 14.4302 7.08573 11.4877 7.0638 11.4581L7 11.3719L7.8183 10.5682L10.1599 12.1939C11.6275 10.308 12.9947 9.01017 13.889 8.24956C14.8771 7.40926 15.5026 7.03325 15.5286 7.01765L15.5582 7H17L16.7558 7.21622C13.6725 9.94674 10.3275 15.7556 10.2941 15.814L10.1875 16Z\" fill=\"#110A2C\"><\/path><\/svg>\t\t\t\t\t\t<\/span>\n\t\t\t\t\t\t\t\t\t\t<span class=\"elementor-icon-list-text\">Env\u00edo incluido en San Lorenzo y zona \ud83c\uddf5\ud83c\uddfe<\/span>\n\t\t\t\t\t\t\t\t\t<\/li>\n\t\t\t\t\t\t<\/ul>\n\t\t\t\t\t\t<\/div>\n\t\t\t\t<\/div>\n\t\t\t\t<div class=\"elementor-element elementor-element-42f7564 elementor-align-left elementor-widget elementor-widget-button\" data-id=\"42f7564\" data-element_type=\"widget\" data-e-type=\"widget\" data-widget_type=\"button.default\">\n\t\t\t\t<div class=\"elementor-widget-container\">\n\t\t\t\t\t\t\t\t\t<div class=\"elementor-button-wrapper\">\n\t\t\t\t\t<a class=\"elementor-button elementor-button-link elementor-size-sm\" href=\"https:\/\/wa.me\/595994916900\" target=\"_blank\">\n\t\t\t\t\t\t<span class=\"elementor-button-content-wrapper\">\n\t\t\t\t\t\t\t\t\t<span class=\"elementor-button-text\">Consultar por WhatsApp<\/span>\n\t\t\t\t\t<\/span>\n\t\t\t\t\t<\/a>\n\t\t\t\t<\/div>\n\t\t\t\t\t\t\t\t<\/div>\n\t\t\t\t<\/div>\n\t\t\t\t<\/div>\n\t\t\t\t<\/div>\n\t\t\t\t<\/div>\n\t\t\t\t\t<\/div>\n\t\t\t\t<\/div>\n\t\t\t\t<\/div>","protected":false},"excerpt":{"rendered":"<p>Soluciones accesibles para equipar tu hogar y comercio Facilitamos tus compras con planes de financiaci\u00f3n flexibles y env\u00edo incluido en todos nuestros productos. Trabajamos d\u00eda a d\u00eda para ofrecerte opciones c\u00f3modas, seguras y adaptadas a tus necesidades, con el respaldo de las marcas m\u00e1s confiables del pa\u00eds. Financiaci\u00f3n personalizada seg\u00fan tu perfil Hasta 18 meses [&hellip;]<\/p>","protected":false},"author":1,"featured_media":0,"parent":0,"menu_order":0,"comment_status":"closed","ping_status":"closed","template":"","meta":{"_joinchat":[],"footnotes":""},"class_list":["post-2137","page","type-page","status-publish","hentry"],"yoast_head":"<!-- This site is optimized with the Yoast SEO plugin v27.4 - https:\/\/yoast.com\/product\/yoast-seo-wordpress\/ -->\n<title>Nacho Hogar Paraguay - Planes de pago y env\u00edo incluido<\/title>\n<meta name=\"description\" content=\"Equipamiento industrial para tu comercio y hogar. Todo lo que necesitas, en un s\u00f3lo lugar. Tokyo, Metvisa, Progas, Edanca, Whirlpool y m\u00e1s.\" \/>\n<meta name=\"robots\" content=\"index, follow, max-snippet:-1, max-image-preview:large, max-video-preview:-1\" \/>\n<link rel=\"canonical\" href=\"https:\/\/nachohogar.com\/en\/planes-de-pago-y-envio-incluido\/\" \/>\n<meta property=\"og:locale\" content=\"en_US\" \/>\n<meta property=\"og:type\" content=\"article\" \/>\n<meta property=\"og:title\" content=\"Nacho Hogar Paraguay - Planes de pago y env\u00edo incluido\" \/>\n<meta property=\"og:description\" content=\"Equipamiento industrial para tu comercio y hogar. Todo lo que necesitas, en un s\u00f3lo lugar. Tokyo, Metvisa, Progas, Edanca, Whirlpool y m\u00e1s.\" \/>\n<meta property=\"og:url\" content=\"https:\/\/nachohogar.com\/en\/planes-de-pago-y-envio-incluido\/\" \/>\n<meta property=\"og:site_name\" content=\"Nacho Hogar Paraguay\" \/>\n<meta property=\"article:modified_time\" content=\"2025-10-15T08:57:43+00:00\" \/>\n<meta property=\"og:image\" content=\"https:\/\/nachohogar.com\/wp-content\/uploads\/2025\/10\/pexels-energepic-com-27411-2988232-scaled.jpg\" \/>\n\t<meta property=\"og:image:width\" content=\"2560\" \/>\n\t<meta property=\"og:image:height\" content=\"1920\" \/>\n\t<meta property=\"og:image:type\" content=\"image\/jpeg\" \/>\n<meta name=\"twitter:card\" content=\"summary_large_image\" \/>\n<meta name=\"twitter:label1\" content=\"Est. reading time\" \/>\n\t<meta name=\"twitter:data1\" content=\"2 minutes\" \/>\n<script type=\"application\/ld+json\" class=\"yoast-schema-graph\">{\"@context\":\"https:\\\/\\\/schema.org\",\"@graph\":[{\"@type\":\"WebPage\",\"@id\":\"https:\\\/\\\/nachohogar.com\\\/planes-de-pago-y-envio-incluido\\\/\",\"url\":\"https:\\\/\\\/nachohogar.com\\\/planes-de-pago-y-envio-incluido\\\/\",\"name\":\"Nacho Hogar Paraguay - Planes de pago y env\u00edo incluido\",\"isPartOf\":{\"@id\":\"https:\\\/\\\/nachohogar.com\\\/#website\"},\"primaryImageOfPage\":{\"@id\":\"https:\\\/\\\/nachohogar.com\\\/planes-de-pago-y-envio-incluido\\\/#primaryimage\"},\"image\":{\"@id\":\"https:\\\/\\\/nachohogar.com\\\/planes-de-pago-y-envio-incluido\\\/#primaryimage\"},\"thumbnailUrl\":\"https:\\\/\\\/nachohogar.com\\\/wp-content\\\/uploads\\\/2025\\\/10\\\/pexels-energepic-com-27411-2988232-scaled.jpg\",\"datePublished\":\"2025-10-14T10:58:17+00:00\",\"dateModified\":\"2025-10-15T08:57:43+00:00\",\"description\":\"Equipamiento industrial para tu comercio y hogar. Todo lo que necesitas, en un s\u00f3lo lugar. Tokyo, Metvisa, Progas, Edanca, Whirlpool y m\u00e1s.\",\"breadcrumb\":{\"@id\":\"https:\\\/\\\/nachohogar.com\\\/planes-de-pago-y-envio-incluido\\\/#breadcrumb\"},\"inLanguage\":\"en-US\",\"potentialAction\":[{\"@type\":\"ReadAction\",\"target\":[\"https:\\\/\\\/nachohogar.com\\\/planes-de-pago-y-envio-incluido\\\/\"]}]},{\"@type\":\"ImageObject\",\"inLanguage\":\"en-US\",\"@id\":\"https:\\\/\\\/nachohogar.com\\\/planes-de-pago-y-envio-incluido\\\/#primaryimage\",\"url\":\"https:\\\/\\\/nachohogar.com\\\/wp-content\\\/uploads\\\/2025\\\/10\\\/pexels-energepic-com-27411-2988232-scaled.jpg\",\"contentUrl\":\"https:\\\/\\\/nachohogar.com\\\/wp-content\\\/uploads\\\/2025\\\/10\\\/pexels-energepic-com-27411-2988232-scaled.jpg\"},{\"@type\":\"BreadcrumbList\",\"@id\":\"https:\\\/\\\/nachohogar.com\\\/planes-de-pago-y-envio-incluido\\\/#breadcrumb\",\"itemListElement\":[{\"@type\":\"ListItem\",\"position\":1,\"name\":\"Inicio\",\"item\":\"https:\\\/\\\/nachohogar.com\\\/\"},{\"@type\":\"ListItem\",\"position\":2,\"name\":\"Planes de pago y env\u00edo incluido\"}]},{\"@type\":\"WebSite\",\"@id\":\"https:\\\/\\\/nachohogar.com\\\/#website\",\"url\":\"https:\\\/\\\/nachohogar.com\\\/\",\"name\":\"Nacho Hogar Paraguay\",\"description\":\"Equipamiento industrial para tu comercio y hogar\",\"publisher\":{\"@id\":\"https:\\\/\\\/nachohogar.com\\\/#organization\"},\"potentialAction\":[{\"@type\":\"SearchAction\",\"target\":{\"@type\":\"EntryPoint\",\"urlTemplate\":\"https:\\\/\\\/nachohogar.com\\\/?s={search_term_string}\"},\"query-input\":{\"@type\":\"PropertyValueSpecification\",\"valueRequired\":true,\"valueName\":\"search_term_string\"}}],\"inLanguage\":\"en-US\"},{\"@type\":\"Organization\",\"@id\":\"https:\\\/\\\/nachohogar.com\\\/#organization\",\"name\":\"Nacho Hogar Paraguay\",\"url\":\"https:\\\/\\\/nachohogar.com\\\/\",\"logo\":{\"@type\":\"ImageObject\",\"inLanguage\":\"en-US\",\"@id\":\"https:\\\/\\\/nachohogar.com\\\/#\\\/schema\\\/logo\\\/image\\\/\",\"url\":\"https:\\\/\\\/nachohogar.com\\\/wp-content\\\/uploads\\\/2025\\\/09\\\/1-1.png\",\"contentUrl\":\"https:\\\/\\\/nachohogar.com\\\/wp-content\\\/uploads\\\/2025\\\/09\\\/1-1.png\",\"width\":2509,\"height\":2509,\"caption\":\"Nacho Hogar Paraguay\"},\"image\":{\"@id\":\"https:\\\/\\\/nachohogar.com\\\/#\\\/schema\\\/logo\\\/image\\\/\"}}]}<\/script>\n<!-- \/ Yoast SEO plugin. -->","yoast_head_json":{"title":"Nacho Hogar Paraguay - Planes de pago y env\u00edo incluido","description":"Equipamiento industrial para tu comercio y hogar. Todo lo que necesitas, en un s\u00f3lo lugar. Tokyo, Metvisa, Progas, Edanca, Whirlpool y m\u00e1s.","robots":{"index":"index","follow":"follow","max-snippet":"max-snippet:-1","max-image-preview":"max-image-preview:large","max-video-preview":"max-video-preview:-1"},"canonical":"https:\/\/nachohogar.com\/en\/planes-de-pago-y-envio-incluido\/","og_locale":"en_US","og_type":"article","og_title":"Nacho Hogar Paraguay - Planes de pago y env\u00edo incluido","og_description":"Equipamiento industrial para tu comercio y hogar. Todo lo que necesitas, en un s\u00f3lo lugar. Tokyo, Metvisa, Progas, Edanca, Whirlpool y m\u00e1s.","og_url":"https:\/\/nachohogar.com\/en\/planes-de-pago-y-envio-incluido\/","og_site_name":"Nacho Hogar Paraguay","article_modified_time":"2025-10-15T08:57:43+00:00","og_image":[{"width":2560,"height":1920,"url":"https:\/\/nachohogar.com\/wp-content\/uploads\/2025\/10\/pexels-energepic-com-27411-2988232-scaled.jpg","type":"image\/jpeg"}],"twitter_card":"summary_large_image","twitter_misc":{"Est. reading time":"2 minutes"},"schema":{"@context":"https:\/\/schema.org","@graph":[{"@type":"WebPage","@id":"https:\/\/nachohogar.com\/planes-de-pago-y-envio-incluido\/","url":"https:\/\/nachohogar.com\/planes-de-pago-y-envio-incluido\/","name":"Nacho Hogar Paraguay - Planes de pago y env\u00edo incluido","isPartOf":{"@id":"https:\/\/nachohogar.com\/#website"},"primaryImageOfPage":{"@id":"https:\/\/nachohogar.com\/planes-de-pago-y-envio-incluido\/#primaryimage"},"image":{"@id":"https:\/\/nachohogar.com\/planes-de-pago-y-envio-incluido\/#primaryimage"},"thumbnailUrl":"https:\/\/nachohogar.com\/wp-content\/uploads\/2025\/10\/pexels-energepic-com-27411-2988232-scaled.jpg","datePublished":"2025-10-14T10:58:17+00:00","dateModified":"2025-10-15T08:57:43+00:00","description":"Equipamiento industrial para tu comercio y hogar. Todo lo que necesitas, en un s\u00f3lo lugar. Tokyo, Metvisa, Progas, Edanca, Whirlpool y m\u00e1s.","breadcrumb":{"@id":"https:\/\/nachohogar.com\/planes-de-pago-y-envio-incluido\/#breadcrumb"},"inLanguage":"en-US","potentialAction":[{"@type":"ReadAction","target":["https:\/\/nachohogar.com\/planes-de-pago-y-envio-incluido\/"]}]},{"@type":"ImageObject","inLanguage":"en-US","@id":"https:\/\/nachohogar.com\/planes-de-pago-y-envio-incluido\/#primaryimage","url":"https:\/\/nachohogar.com\/wp-content\/uploads\/2025\/10\/pexels-energepic-com-27411-2988232-scaled.jpg","contentUrl":"https:\/\/nachohogar.com\/wp-content\/uploads\/2025\/10\/pexels-energepic-com-27411-2988232-scaled.jpg"},{"@type":"BreadcrumbList","@id":"https:\/\/nachohogar.com\/planes-de-pago-y-envio-incluido\/#breadcrumb","itemListElement":[{"@type":"ListItem","position":1,"name":"Inicio","item":"https:\/\/nachohogar.com\/"},{"@type":"ListItem","position":2,"name":"Planes de pago y env\u00edo incluido"}]},{"@type":"WebSite","@id":"https:\/\/nachohogar.com\/#website","url":"https:\/\/nachohogar.com\/","name":"Nacho Hogar Paraguay","description":"Equipamiento industrial para tu comercio y hogar","publisher":{"@id":"https:\/\/nachohogar.com\/#organization"},"potentialAction":[{"@type":"SearchAction","target":{"@type":"EntryPoint","urlTemplate":"https:\/\/nachohogar.com\/?s={search_term_string}"},"query-input":{"@type":"PropertyValueSpecification","valueRequired":true,"valueName":"search_term_string"}}],"inLanguage":"en-US"},{"@type":"Organization","@id":"https:\/\/nachohogar.com\/#organization","name":"Nacho Hogar Paraguay","url":"https:\/\/nachohogar.com\/","logo":{"@type":"ImageObject","inLanguage":"en-US","@id":"https:\/\/nachohogar.com\/#\/schema\/logo\/image\/","url":"https:\/\/nachohogar.com\/wp-content\/uploads\/2025\/09\/1-1.png","contentUrl":"https:\/\/nachohogar.com\/wp-content\/uploads\/2025\/09\/1-1.png","width":2509,"height":2509,"caption":"Nacho Hogar Paraguay"},"image":{"@id":"https:\/\/nachohogar.com\/#\/schema\/logo\/image\/"}}]}},"_links":{"self":[{"href":"https:\/\/nachohogar.com\/en\/wp-json\/wp\/v2\/pages\/2137","targetHints":{"allow":["GET"]}}],"collection":[{"href":"https:\/\/nachohogar.com\/en\/wp-json\/wp\/v2\/pages"}],"about":[{"href":"https:\/\/nachohogar.com\/en\/wp-json\/wp\/v2\/types\/page"}],"author":[{"embeddable":true,"href":"https:\/\/nachohogar.com\/en\/wp-json\/wp\/v2\/users\/1"}],"replies":[{"embeddable":true,"href":"https:\/\/nachohogar.com\/en\/wp-json\/wp\/v2\/comments?post=2137"}],"version-history":[{"count":73,"href":"https:\/\/nachohogar.com\/en\/wp-json\/wp\/v2\/pages\/2137\/revisions"}],"predecessor-version":[{"id":2672,"href":"https:\/\/nachohogar.com\/en\/wp-json\/wp\/v2\/pages\/2137\/revisions\/2672"}],"wp:attachment":[{"href":"https:\/\/nachohogar.com\/en\/wp-json\/wp\/v2\/media?parent=2137"}],"curies":[{"name":"wp","href":"https:\/\/api.w.org\/{rel}","templated":true}]}}