{"id":3,"date":"2025-01-21T20:36:00","date_gmt":"2025-01-21T20:36:00","guid":{"rendered":"http:\/\/nachohogar.com\/?page_id=3"},"modified":"2025-10-14T10:59:04","modified_gmt":"2025-10-14T10:59:04","slug":"politica-de-privacidad","status":"publish","type":"page","link":"https:\/\/nachohogar.com\/en\/politica-de-privacidad\/","title":{"rendered":"Pol\u00edtica de Privacidad"},"content":{"rendered":"<div data-elementor-type=\"wp-page\" data-elementor-id=\"3\" class=\"elementor elementor-3\">\n\t\t\t\t<div class=\"elementor-element elementor-element-3e2d4cb9 e-flex e-con-boxed e-con e-parent\" data-id=\"3e2d4cb9\" data-element_type=\"container\" data-e-type=\"container\">\n\t\t\t\t\t<div class=\"e-con-inner\">\n\t\t\t\t<div class=\"elementor-element elementor-element-3c8ff67 elementor-widget elementor-widget-text-editor\" data-id=\"3c8ff67\" data-element_type=\"widget\" data-e-type=\"widget\" data-widget_type=\"text-editor.default\">\n\t\t\t\t<div class=\"elementor-widget-container\">\n\t\t\t\t\t\t\t\t\t<div><span style=\"color: #101010;\">En <\/span><strong style=\"color: #101010;\" data-start=\"199\" data-end=\"223\">Nacho Hogar Paraguay<\/strong><span style=\"color: #101010;\"> (<\/span><a class=\"decorated-link\" style=\"background-color: #ffffff;\" href=\"https:\/\/nachohogar.com\/en\/\" target=\"_new\" rel=\"noopener\" data-start=\"225\" data-end=\"243\">www.nachohogar.com<\/a><span style=\"color: #101010;\">) valoramos y respetamos la privacidad de nuestros usuarios. Esta Pol\u00edtica de Privacidad establece los t\u00e9rminos en los que utilizamos y protegemos la informaci\u00f3n que nos proporcionan al navegar y\/o interactuar en nuestro sitio web.<\/span><\/div><div>\u00a0<\/div><p data-start=\"476\" data-end=\"937\">Estamos comprometidos con la seguridad de los datos de nuestros usuarios. Cuando solicitamos completar campos con informaci\u00f3n personal que pueda identificarlo, lo hacemos asegurando que dicha informaci\u00f3n solo ser\u00e1 utilizada conforme a lo establecido en este documento. No obstante, esta Pol\u00edtica de Privacidad puede ser actualizada con el tiempo, por lo que recomendamos revisar peri\u00f3dicamente esta p\u00e1gina para asegurarse de estar de acuerdo con dichos cambios.<\/p><h3 data-start=\"939\" data-end=\"969\">\u00a0<\/h3><h3 data-start=\"939\" data-end=\"969\"><strong data-start=\"943\" data-end=\"969\">Informaci\u00f3n recopilada<\/strong><\/h3><div><strong data-start=\"943\" data-end=\"969\">\u00a0<\/strong><\/div><p data-start=\"971\" data-end=\"1015\">Podemos recopilar informaci\u00f3n personal como:<\/p><ul data-start=\"1017\" data-end=\"1179\"><li data-start=\"1017\" data-end=\"1038\"><p data-start=\"1019\" data-end=\"1038\">Nombre y apellido<\/p><\/li><li data-start=\"1039\" data-end=\"1108\"><p data-start=\"1041\" data-end=\"1108\">Informaci\u00f3n de contacto (correo electr\u00f3nico, tel\u00e9fono, direcci\u00f3n)<\/p><\/li><li data-start=\"1109\" data-end=\"1179\"><p data-start=\"1111\" data-end=\"1179\">Informaci\u00f3n demogr\u00e1fica o relacionada con preferencias e intereses<\/p><\/li><\/ul><p data-start=\"1181\" data-end=\"1343\">Asimismo, cuando sea necesario, podr\u00e1 requerirse informaci\u00f3n adicional para procesar pedidos, coordinar env\u00edos, gestionar facturaci\u00f3n o brindar soporte postventa.<\/p><h3 data-start=\"1345\" data-end=\"1385\"><strong data-start=\"1349\" data-end=\"1385\">Uso de la informaci\u00f3n recopilada<\/strong><\/h3><div><strong data-start=\"1349\" data-end=\"1385\">\u00a0<\/strong><\/div><p data-start=\"1387\" data-end=\"1443\">La informaci\u00f3n que recopilamos se utiliza con el fin de:<\/p><ul data-start=\"1445\" data-end=\"1784\"><li data-start=\"1445\" data-end=\"1489\"><p data-start=\"1447\" data-end=\"1489\">Brindar una mejor experiencia de usuario<\/p><\/li><li data-start=\"1490\" data-end=\"1547\"><p data-start=\"1492\" data-end=\"1547\">Mantener registros internos de clientes y operaciones<\/p><\/li><li data-start=\"1548\" data-end=\"1614\"><p data-start=\"1550\" data-end=\"1614\">Mejorar continuamente nuestros productos, servicios y atenci\u00f3n<\/p><\/li><li data-start=\"1615\" data-end=\"1784\"><p data-start=\"1617\" data-end=\"1784\">Enviar correos electr\u00f3nicos con promociones, novedades, informaci\u00f3n sobre productos y otros contenidos que consideremos de inter\u00e9s o beneficio para nuestros clientes<\/p><\/li><\/ul><p data-start=\"1786\" data-end=\"1931\">\u00a0<\/p><p data-start=\"1786\" data-end=\"1931\">Estos env\u00edos se realizar\u00e1n \u00fanicamente a la direcci\u00f3n de correo electr\u00f3nico proporcionada por el usuario y podr\u00e1n cancelarse en cualquier momento.<\/p><p data-start=\"1933\" data-end=\"2122\">En <strong data-start=\"1936\" data-end=\"1960\">Nacho Hogar Paraguay<\/strong> mantenemos un firme compromiso de garantizar la seguridad de la informaci\u00f3n. Implementamos sistemas y protocolos actualizados para evitar accesos no autorizados.<\/p><h3 data-start=\"2124\" data-end=\"2139\"><strong data-start=\"2128\" data-end=\"2139\">Cookies<\/strong><\/h3><div><strong data-start=\"2128\" data-end=\"2139\">\u00a0<\/strong><\/div><p data-start=\"2141\" data-end=\"2340\">Nuestro sitio web utiliza cookies para identificar las p\u00e1ginas visitadas y su frecuencia, con fines estad\u00edsticos y de mejora del servicio. Esta informaci\u00f3n se elimina de forma permanente tras su uso.<\/p><p data-start=\"2342\" data-end=\"2683\">El usuario puede aceptar o rechazar las cookies; la mayor\u00eda de los navegadores las aceptan autom\u00e1ticamente para optimizar la experiencia web, pero el usuario puede modificar la configuraci\u00f3n de su navegador para desactivarlas si as\u00ed lo prefiere. Tenga en cuenta que, al desactivarlas, algunas funciones del sitio pueden no estar disponibles.<\/p><h3 data-start=\"2685\" data-end=\"2711\"><strong data-start=\"2689\" data-end=\"2711\">Enlaces a terceros<\/strong><\/h3><div><strong data-start=\"2689\" data-end=\"2711\">\u00a0<\/strong><\/div><p data-start=\"2713\" data-end=\"3118\">El sitio web puede contener enlaces a otros sitios de inter\u00e9s. Una vez que usted acceda a estos enlaces y abandone nuestro sitio, <strong data-start=\"2843\" data-end=\"2867\">Nacho Hogar Paraguay<\/strong> no tiene control sobre el sitio de destino, por lo tanto no somos responsables de sus t\u00e9rminos, pol\u00edticas de privacidad ni de la protecci\u00f3n de sus datos. Recomendamos revisar las pol\u00edticas de privacidad de dichos sitios antes de interactuar en ellos.<\/p><h3 data-start=\"3120\" data-end=\"3162\"><strong data-start=\"3124\" data-end=\"3162\">Control de su informaci\u00f3n personal<\/strong><\/h3><div><strong data-start=\"3124\" data-end=\"3162\">\u00a0<\/strong><\/div><p data-start=\"3164\" data-end=\"3379\">El usuario puede restringir el uso de su informaci\u00f3n personal en cualquier momento. Cada vez que se solicite completar un formulario, el usuario podr\u00e1 aceptar o rechazar la suscripci\u00f3n a comunicaciones informativas.<\/p><p data-start=\"3381\" data-end=\"3509\">En caso de haber aceptado recibir nuestro bolet\u00edn o informaci\u00f3n promocional, puede cancelar la suscripci\u00f3n en cualquier momento.<\/p><p data-start=\"3511\" data-end=\"3707\"><strong data-start=\"3511\" data-end=\"3535\">Nacho Hogar Paraguay<\/strong> no vender\u00e1, ceder\u00e1 ni distribuir\u00e1 la informaci\u00f3n personal recopilada sin su consentimiento, salvo que exista una obligaci\u00f3n legal o una orden judicial que as\u00ed lo requiera.<\/p><h3 data-start=\"3709\" data-end=\"3753\"><strong data-start=\"3713\" data-end=\"3753\">Cambios en la Pol\u00edtica de Privacidad<\/strong><\/h3><div><strong data-start=\"3713\" data-end=\"3753\">\u00a0<\/strong><\/div><p data-start=\"3755\" data-end=\"3934\"><strong data-start=\"3755\" data-end=\"3779\">Nacho Hogar Paraguay<\/strong> se reserva el derecho de modificar los t\u00e9rminos de esta Pol\u00edtica de Privacidad en cualquier momento. Cualquier cambio ser\u00e1 publicado en esta misma p\u00e1gina.<\/p><h3 data-start=\"3936\" data-end=\"3952\"><strong data-start=\"3940\" data-end=\"3952\">Contacto<\/strong><\/h3><div><strong data-start=\"3940\" data-end=\"3952\">\u00a0<\/strong><\/div><p data-start=\"3954\" data-end=\"4019\">Para m\u00e1s informaci\u00f3n, puede comunicarse con nosotros a trav\u00e9s de:<\/p><p data-start=\"4021\" data-end=\"4075\"><img decoding=\"async\" class=\"emoji\" role=\"img\" draggable=\"false\" src=\"https:\/\/s.w.org\/images\/core\/emoji\/16.0.1\/svg\/1f4e7.svg\" alt=\"\ud83d\udce7\" \/> <strong data-start=\"4024\" data-end=\"4047\"><a class=\"decorated-link cursor-pointer\" rel=\"noopener\" data-start=\"4026\" data-end=\"4045\">hola@nachohogar.com<\/a><\/strong><br data-start=\"4047\" data-end=\"4050\" \/><img decoding=\"async\" class=\"emoji\" role=\"img\" draggable=\"false\" src=\"https:\/\/s.w.org\/images\/core\/emoji\/16.0.1\/svg\/1f310.svg\" alt=\"\ud83c\udf10\" \/> <strong data-start=\"4053\" data-end=\"4075\"><a class=\"decorated-link\" href=\"https:\/\/nachohogar.com\/en\/\" target=\"_new\" rel=\"noopener\" data-start=\"4055\" data-end=\"4073\">www.nachohogar.com<\/a><\/strong><\/p>\t\t\t\t\t\t\t\t<\/div>\n\t\t\t\t<\/div>\n\t\t\t\t\t<\/div>\n\t\t\t\t<\/div>\n\t\t\t\t<\/div>","protected":false},"excerpt":{"rendered":"<p>En Nacho Hogar Paraguay (www.nachohogar.com) valoramos y respetamos la privacidad de nuestros usuarios. Esta Pol\u00edtica de Privacidad establece los t\u00e9rminos en los que utilizamos y protegemos la informaci\u00f3n que nos proporcionan al navegar y\/o interactuar en nuestro sitio web.\u00a0 Estamos comprometidos con la seguridad de los datos de nuestros usuarios. Cuando solicitamos completar campos con [&hellip;]<\/p>","protected":false},"author":1,"featured_media":0,"parent":0,"menu_order":0,"comment_status":"closed","ping_status":"closed","template":"","meta":{"_joinchat":[],"footnotes":""},"class_list":["post-3","page","type-page","status-publish","hentry"],"yoast_head":"<!-- This site is optimized with the Yoast SEO plugin v27.4 - https:\/\/yoast.com\/product\/yoast-seo-wordpress\/ -->\n<title>Nacho Hogar Paraguay - Pol\u00edtica de Privacidad<\/title>\n<meta name=\"description\" content=\"Equipamiento industrial para tu comercio y hogar. Todo lo que necesitas, en un s\u00f3lo lugar. Tokyo, Metvisa, Progas, Edanca, Whirlpool y m\u00e1s.\" \/>\n<meta name=\"robots\" content=\"index, follow, max-snippet:-1, max-image-preview:large, max-video-preview:-1\" \/>\n<link rel=\"canonical\" href=\"https:\/\/nachohogar.com\/en\/politica-de-privacidad\/\" \/>\n<meta property=\"og:locale\" content=\"en_US\" \/>\n<meta property=\"og:type\" content=\"article\" \/>\n<meta property=\"og:title\" content=\"Nacho Hogar Paraguay - Pol\u00edtica de Privacidad\" \/>\n<meta property=\"og:description\" content=\"Equipamiento industrial para tu comercio y hogar. Todo lo que necesitas, en un s\u00f3lo lugar. Tokyo, Metvisa, Progas, Edanca, Whirlpool y m\u00e1s.\" \/>\n<meta property=\"og:url\" content=\"https:\/\/nachohogar.com\/en\/politica-de-privacidad\/\" \/>\n<meta property=\"og:site_name\" content=\"Nacho Hogar Paraguay\" \/>\n<meta property=\"article:modified_time\" content=\"2025-10-14T10:59:04+00:00\" \/>\n<meta property=\"og:image\" content=\"https:\/\/s.w.org\/images\/core\/emoji\/16.0.1\/svg\/1f4e7.svg\" \/>\n<meta name=\"twitter:card\" content=\"summary_large_image\" \/>\n<meta name=\"twitter:label1\" content=\"Est. reading time\" \/>\n\t<meta name=\"twitter:data1\" content=\"4 minutes\" \/>\n<script type=\"application\/ld+json\" class=\"yoast-schema-graph\">{\"@context\":\"https:\\\/\\\/schema.org\",\"@graph\":[{\"@type\":\"WebPage\",\"@id\":\"https:\\\/\\\/nachohogar.com\\\/politica-de-privacidad\\\/\",\"url\":\"https:\\\/\\\/nachohogar.com\\\/politica-de-privacidad\\\/\",\"name\":\"Nacho Hogar Paraguay - Pol\u00edtica de Privacidad\",\"isPartOf\":{\"@id\":\"https:\\\/\\\/nachohogar.com\\\/#website\"},\"primaryImageOfPage\":{\"@id\":\"https:\\\/\\\/nachohogar.com\\\/politica-de-privacidad\\\/#primaryimage\"},\"image\":{\"@id\":\"https:\\\/\\\/nachohogar.com\\\/politica-de-privacidad\\\/#primaryimage\"},\"thumbnailUrl\":\"https:\\\/\\\/s.w.org\\\/images\\\/core\\\/emoji\\\/16.0.1\\\/svg\\\/1f4e7.svg\",\"datePublished\":\"2025-01-21T20:36:00+00:00\",\"dateModified\":\"2025-10-14T10:59:04+00:00\",\"description\":\"Equipamiento industrial para tu comercio y hogar. Todo lo que necesitas, en un s\u00f3lo lugar. Tokyo, Metvisa, Progas, Edanca, Whirlpool y m\u00e1s.\",\"breadcrumb\":{\"@id\":\"https:\\\/\\\/nachohogar.com\\\/politica-de-privacidad\\\/#breadcrumb\"},\"inLanguage\":\"en-US\",\"potentialAction\":[{\"@type\":\"ReadAction\",\"target\":[\"https:\\\/\\\/nachohogar.com\\\/politica-de-privacidad\\\/\"]}]},{\"@type\":\"ImageObject\",\"inLanguage\":\"en-US\",\"@id\":\"https:\\\/\\\/nachohogar.com\\\/politica-de-privacidad\\\/#primaryimage\",\"url\":\"https:\\\/\\\/s.w.org\\\/images\\\/core\\\/emoji\\\/16.0.1\\\/svg\\\/1f4e7.svg\",\"contentUrl\":\"https:\\\/\\\/s.w.org\\\/images\\\/core\\\/emoji\\\/16.0.1\\\/svg\\\/1f4e7.svg\"},{\"@type\":\"BreadcrumbList\",\"@id\":\"https:\\\/\\\/nachohogar.com\\\/politica-de-privacidad\\\/#breadcrumb\",\"itemListElement\":[{\"@type\":\"ListItem\",\"position\":1,\"name\":\"Inicio\",\"item\":\"https:\\\/\\\/nachohogar.com\\\/\"},{\"@type\":\"ListItem\",\"position\":2,\"name\":\"Pol\u00edtica de Privacidad\"}]},{\"@type\":\"WebSite\",\"@id\":\"https:\\\/\\\/nachohogar.com\\\/#website\",\"url\":\"https:\\\/\\\/nachohogar.com\\\/\",\"name\":\"Nacho Hogar Paraguay\",\"description\":\"Equipamiento industrial para tu comercio y hogar\",\"publisher\":{\"@id\":\"https:\\\/\\\/nachohogar.com\\\/#organization\"},\"potentialAction\":[{\"@type\":\"SearchAction\",\"target\":{\"@type\":\"EntryPoint\",\"urlTemplate\":\"https:\\\/\\\/nachohogar.com\\\/?s={search_term_string}\"},\"query-input\":{\"@type\":\"PropertyValueSpecification\",\"valueRequired\":true,\"valueName\":\"search_term_string\"}}],\"inLanguage\":\"en-US\"},{\"@type\":\"Organization\",\"@id\":\"https:\\\/\\\/nachohogar.com\\\/#organization\",\"name\":\"Nacho Hogar Paraguay\",\"url\":\"https:\\\/\\\/nachohogar.com\\\/\",\"logo\":{\"@type\":\"ImageObject\",\"inLanguage\":\"en-US\",\"@id\":\"https:\\\/\\\/nachohogar.com\\\/#\\\/schema\\\/logo\\\/image\\\/\",\"url\":\"https:\\\/\\\/nachohogar.com\\\/wp-content\\\/uploads\\\/2025\\\/09\\\/1-1.png\",\"contentUrl\":\"https:\\\/\\\/nachohogar.com\\\/wp-content\\\/uploads\\\/2025\\\/09\\\/1-1.png\",\"width\":2509,\"height\":2509,\"caption\":\"Nacho Hogar Paraguay\"},\"image\":{\"@id\":\"https:\\\/\\\/nachohogar.com\\\/#\\\/schema\\\/logo\\\/image\\\/\"}}]}<\/script>\n<!-- \/ Yoast SEO plugin. -->","yoast_head_json":{"title":"Nacho Hogar Paraguay - Pol\u00edtica de Privacidad","description":"Equipamiento industrial para tu comercio y hogar. Todo lo que necesitas, en un s\u00f3lo lugar. Tokyo, Metvisa, Progas, Edanca, Whirlpool y m\u00e1s.","robots":{"index":"index","follow":"follow","max-snippet":"max-snippet:-1","max-image-preview":"max-image-preview:large","max-video-preview":"max-video-preview:-1"},"canonical":"https:\/\/nachohogar.com\/en\/politica-de-privacidad\/","og_locale":"en_US","og_type":"article","og_title":"Nacho Hogar Paraguay - Pol\u00edtica de Privacidad","og_description":"Equipamiento industrial para tu comercio y hogar. Todo lo que necesitas, en un s\u00f3lo lugar. Tokyo, Metvisa, Progas, Edanca, Whirlpool y m\u00e1s.","og_url":"https:\/\/nachohogar.com\/en\/politica-de-privacidad\/","og_site_name":"Nacho Hogar Paraguay","article_modified_time":"2025-10-14T10:59:04+00:00","og_image":[{"url":"https:\/\/s.w.org\/images\/core\/emoji\/16.0.1\/svg\/1f4e7.svg","type":"","width":"","height":""}],"twitter_card":"summary_large_image","twitter_misc":{"Est. reading time":"4 minutes"},"schema":{"@context":"https:\/\/schema.org","@graph":[{"@type":"WebPage","@id":"https:\/\/nachohogar.com\/politica-de-privacidad\/","url":"https:\/\/nachohogar.com\/politica-de-privacidad\/","name":"Nacho Hogar Paraguay - Pol\u00edtica de Privacidad","isPartOf":{"@id":"https:\/\/nachohogar.com\/#website"},"primaryImageOfPage":{"@id":"https:\/\/nachohogar.com\/politica-de-privacidad\/#primaryimage"},"image":{"@id":"https:\/\/nachohogar.com\/politica-de-privacidad\/#primaryimage"},"thumbnailUrl":"https:\/\/s.w.org\/images\/core\/emoji\/16.0.1\/svg\/1f4e7.svg","datePublished":"2025-01-21T20:36:00+00:00","dateModified":"2025-10-14T10:59:04+00:00","description":"Equipamiento industrial para tu comercio y hogar. Todo lo que necesitas, en un s\u00f3lo lugar. Tokyo, Metvisa, Progas, Edanca, Whirlpool y m\u00e1s.","breadcrumb":{"@id":"https:\/\/nachohogar.com\/politica-de-privacidad\/#breadcrumb"},"inLanguage":"en-US","potentialAction":[{"@type":"ReadAction","target":["https:\/\/nachohogar.com\/politica-de-privacidad\/"]}]},{"@type":"ImageObject","inLanguage":"en-US","@id":"https:\/\/nachohogar.com\/politica-de-privacidad\/#primaryimage","url":"https:\/\/s.w.org\/images\/core\/emoji\/16.0.1\/svg\/1f4e7.svg","contentUrl":"https:\/\/s.w.org\/images\/core\/emoji\/16.0.1\/svg\/1f4e7.svg"},{"@type":"BreadcrumbList","@id":"https:\/\/nachohogar.com\/politica-de-privacidad\/#breadcrumb","itemListElement":[{"@type":"ListItem","position":1,"name":"Inicio","item":"https:\/\/nachohogar.com\/"},{"@type":"ListItem","position":2,"name":"Pol\u00edtica de Privacidad"}]},{"@type":"WebSite","@id":"https:\/\/nachohogar.com\/#website","url":"https:\/\/nachohogar.com\/","name":"Nacho Hogar Paraguay","description":"Equipamiento industrial para tu comercio y hogar","publisher":{"@id":"https:\/\/nachohogar.com\/#organization"},"potentialAction":[{"@type":"SearchAction","target":{"@type":"EntryPoint","urlTemplate":"https:\/\/nachohogar.com\/?s={search_term_string}"},"query-input":{"@type":"PropertyValueSpecification","valueRequired":true,"valueName":"search_term_string"}}],"inLanguage":"en-US"},{"@type":"Organization","@id":"https:\/\/nachohogar.com\/#organization","name":"Nacho Hogar Paraguay","url":"https:\/\/nachohogar.com\/","logo":{"@type":"ImageObject","inLanguage":"en-US","@id":"https:\/\/nachohogar.com\/#\/schema\/logo\/image\/","url":"https:\/\/nachohogar.com\/wp-content\/uploads\/2025\/09\/1-1.png","contentUrl":"https:\/\/nachohogar.com\/wp-content\/uploads\/2025\/09\/1-1.png","width":2509,"height":2509,"caption":"Nacho Hogar Paraguay"},"image":{"@id":"https:\/\/nachohogar.com\/#\/schema\/logo\/image\/"}}]}},"_links":{"self":[{"href":"https:\/\/nachohogar.com\/en\/wp-json\/wp\/v2\/pages\/3","targetHints":{"allow":["GET"]}}],"collection":[{"href":"https:\/\/nachohogar.com\/en\/wp-json\/wp\/v2\/pages"}],"about":[{"href":"https:\/\/nachohogar.com\/en\/wp-json\/wp\/v2\/types\/page"}],"author":[{"embeddable":true,"href":"https:\/\/nachohogar.com\/en\/wp-json\/wp\/v2\/users\/1"}],"replies":[{"embeddable":true,"href":"https:\/\/nachohogar.com\/en\/wp-json\/wp\/v2\/comments?post=3"}],"version-history":[{"count":17,"href":"https:\/\/nachohogar.com\/en\/wp-json\/wp\/v2\/pages\/3\/revisions"}],"predecessor-version":[{"id":1822,"href":"https:\/\/nachohogar.com\/en\/wp-json\/wp\/v2\/pages\/3\/revisions\/1822"}],"wp:attachment":[{"href":"https:\/\/nachohogar.com\/en\/wp-json\/wp\/v2\/media?parent=3"}],"curies":[{"name":"wp","href":"https:\/\/api.w.org\/{rel}","templated":true}]}}