{"id":691,"date":"2024-12-10T05:41:45","date_gmt":"2024-12-10T05:41:45","guid":{"rendered":"https:\/\/allmart.themepreview.xyz\/home-one\/?page_id=691"},"modified":"2025-10-15T12:25:20","modified_gmt":"2025-10-15T12:25:20","slug":"nosotros","status":"publish","type":"page","link":"https:\/\/nachohogar.com\/en\/nosotros\/","title":{"rendered":"Nosotros"},"content":{"rendered":"<div data-elementor-type=\"wp-page\" data-elementor-id=\"691\" class=\"elementor elementor-691\">\n\t\t\t\t<div class=\"elementor-element elementor-element-d165944 e-flex e-con-boxed e-con e-parent\" data-id=\"d165944\" data-element_type=\"container\" data-e-type=\"container\">\n\t\t\t\t\t<div class=\"e-con-inner\">\n\t\t<div class=\"elementor-element elementor-element-fc93300 e-con-full e-flex e-con e-child\" data-id=\"fc93300\" data-element_type=\"container\" data-e-type=\"container\">\n\t\t\t\t<div class=\"elementor-element elementor-element-3bd7c2b elementor-widget elementor-widget-heading\" data-id=\"3bd7c2b\" data-element_type=\"widget\" data-e-type=\"widget\" data-widget_type=\"heading.default\">\n\t\t\t\t<div class=\"elementor-widget-container\">\n\t\t\t\t\t<h2 class=\"elementor-heading-title elementor-size-default\">Equipamos hogares y comercios en Paraguay \ud83c\uddf5\ud83c\uddfe<\/h2>\t\t\t\t<\/div>\n\t\t\t\t<\/div>\n\t\t\t\t<div class=\"elementor-element elementor-element-064c0bc elementor-widget elementor-widget-heading\" data-id=\"064c0bc\" data-element_type=\"widget\" data-e-type=\"widget\" data-widget_type=\"heading.default\">\n\t\t\t\t<div class=\"elementor-widget-container\">\n\t\t\t\t\t<h2 class=\"elementor-heading-title elementor-size-default\">Con\u00f3cenos<\/h2>\t\t\t\t<\/div>\n\t\t\t\t<\/div>\n\t\t\t\t<div class=\"elementor-element elementor-element-be34ea6 elementor-widget elementor-widget-image\" data-id=\"be34ea6\" data-element_type=\"widget\" data-e-type=\"widget\" data-widget_type=\"image.default\">\n\t\t\t\t<div class=\"elementor-widget-container\">\n\t\t\t\t\t\t\t\t\t\t\t\t\t\t\t<img fetchpriority=\"high\" decoding=\"async\" width=\"900\" height=\"1600\" src=\"https:\/\/nachohogar.com\/wp-content\/uploads\/2025\/10\/IMG-20250926-WA0048.jpg\" class=\"attachment-full size-full wp-image-1609\" alt=\"\" srcset=\"https:\/\/nachohogar.com\/wp-content\/uploads\/2025\/10\/IMG-20250926-WA0048.jpg 900w, https:\/\/nachohogar.com\/wp-content\/uploads\/2025\/10\/IMG-20250926-WA0048-169x300.jpg 169w, https:\/\/nachohogar.com\/wp-content\/uploads\/2025\/10\/IMG-20250926-WA0048-576x1024.jpg 576w, https:\/\/nachohogar.com\/wp-content\/uploads\/2025\/10\/IMG-20250926-WA0048-768x1365.jpg 768w, https:\/\/nachohogar.com\/wp-content\/uploads\/2025\/10\/IMG-20250926-WA0048-864x1536.jpg 864w, https:\/\/nachohogar.com\/wp-content\/uploads\/2025\/10\/IMG-20250926-WA0048-600x1067.jpg 600w\" sizes=\"(max-width: 900px) 100vw, 900px\" \/>\t\t\t\t\t\t\t\t\t\t\t\t\t\t\t<\/div>\n\t\t\t\t<\/div>\n\t\t\t\t<div class=\"elementor-element elementor-element-ab76f1a elementor-widget elementor-widget-image\" data-id=\"ab76f1a\" data-element_type=\"widget\" data-e-type=\"widget\" data-widget_type=\"image.default\">\n\t\t\t\t<div class=\"elementor-widget-container\">\n\t\t\t\t\t\t\t\t\t\t\t\t\t\t\t<img decoding=\"async\" width=\"1600\" height=\"900\" src=\"https:\/\/nachohogar.com\/wp-content\/uploads\/2025\/10\/IMG-20250926-WA0051.jpg\" class=\"attachment-full size-full wp-image-1612\" alt=\"\" srcset=\"https:\/\/nachohogar.com\/wp-content\/uploads\/2025\/10\/IMG-20250926-WA0051.jpg 1600w, https:\/\/nachohogar.com\/wp-content\/uploads\/2025\/10\/IMG-20250926-WA0051-300x169.jpg 300w, https:\/\/nachohogar.com\/wp-content\/uploads\/2025\/10\/IMG-20250926-WA0051-1024x576.jpg 1024w, https:\/\/nachohogar.com\/wp-content\/uploads\/2025\/10\/IMG-20250926-WA0051-768x432.jpg 768w, https:\/\/nachohogar.com\/wp-content\/uploads\/2025\/10\/IMG-20250926-WA0051-1536x864.jpg 1536w, https:\/\/nachohogar.com\/wp-content\/uploads\/2025\/10\/IMG-20250926-WA0051-600x338.jpg 600w\" sizes=\"(max-width: 1600px) 100vw, 1600px\" \/>\t\t\t\t\t\t\t\t\t\t\t\t\t\t\t<\/div>\n\t\t\t\t<\/div>\n\t\t\t\t<\/div>\n\t\t<div class=\"elementor-element elementor-element-1394df1 e-con-full e-flex e-con e-child\" data-id=\"1394df1\" data-element_type=\"container\" data-e-type=\"container\">\n\t\t\t\t<div class=\"elementor-element elementor-element-1bad55c elementor-widget elementor-widget-image\" data-id=\"1bad55c\" data-element_type=\"widget\" data-e-type=\"widget\" data-widget_type=\"image.default\">\n\t\t\t\t<div class=\"elementor-widget-container\">\n\t\t\t\t\t\t\t\t\t\t\t\t\t\t\t<img decoding=\"async\" width=\"1600\" height=\"900\" src=\"https:\/\/nachohogar.com\/wp-content\/uploads\/2025\/10\/IMG-20250926-WA0046.jpg\" class=\"attachment-full size-full wp-image-1606\" alt=\"\" srcset=\"https:\/\/nachohogar.com\/wp-content\/uploads\/2025\/10\/IMG-20250926-WA0046.jpg 1600w, https:\/\/nachohogar.com\/wp-content\/uploads\/2025\/10\/IMG-20250926-WA0046-300x169.jpg 300w, https:\/\/nachohogar.com\/wp-content\/uploads\/2025\/10\/IMG-20250926-WA0046-1024x576.jpg 1024w, https:\/\/nachohogar.com\/wp-content\/uploads\/2025\/10\/IMG-20250926-WA0046-768x432.jpg 768w, https:\/\/nachohogar.com\/wp-content\/uploads\/2025\/10\/IMG-20250926-WA0046-1536x864.jpg 1536w, https:\/\/nachohogar.com\/wp-content\/uploads\/2025\/10\/IMG-20250926-WA0046-600x338.jpg 600w\" sizes=\"(max-width: 1600px) 100vw, 1600px\" \/>\t\t\t\t\t\t\t\t\t\t\t\t\t\t\t<\/div>\n\t\t\t\t<\/div>\n\t\t\t\t<div class=\"elementor-element elementor-element-03146b6 elementor-widget__width-initial elementor-widget elementor-widget-text-editor\" data-id=\"03146b6\" data-element_type=\"widget\" data-e-type=\"widget\" data-widget_type=\"text-editor.default\">\n\t\t\t\t<div class=\"elementor-widget-container\">\n\t\t\t\t\t\t\t\t\t<p>En Nacho Hogar Paraguay trabajamos d\u00eda a d\u00eda para ofrecer soluciones integrales en equipamiento para el hogar, la gastronom\u00eda y el comercio.<br \/><br \/>Nos distinguimos por representar marcas l\u00edderes y brindar una atenci\u00f3n personalizada, acompa\u00f1ando a nuestros clientes en cada proyecto con compromiso y confianza.<\/p>\t\t\t\t\t\t\t\t<\/div>\n\t\t\t\t<\/div>\n\t\t\t\t<div class=\"elementor-element elementor-element-13079fb elementor-widget elementor-widget-image\" data-id=\"13079fb\" data-element_type=\"widget\" data-e-type=\"widget\" data-widget_type=\"image.default\">\n\t\t\t\t<div class=\"elementor-widget-container\">\n\t\t\t\t\t\t\t\t\t\t\t\t\t\t\t<img loading=\"lazy\" decoding=\"async\" width=\"900\" height=\"1277\" src=\"https:\/\/nachohogar.com\/wp-content\/uploads\/2025\/10\/IMG-20250926-WA0049-e1760470586491.jpg\" class=\"attachment-full size-full wp-image-1610\" alt=\"\" srcset=\"https:\/\/nachohogar.com\/wp-content\/uploads\/2025\/10\/IMG-20250926-WA0049-e1760470586491.jpg 900w, https:\/\/nachohogar.com\/wp-content\/uploads\/2025\/10\/IMG-20250926-WA0049-e1760470586491-211x300.jpg 211w, https:\/\/nachohogar.com\/wp-content\/uploads\/2025\/10\/IMG-20250926-WA0049-e1760470586491-722x1024.jpg 722w, https:\/\/nachohogar.com\/wp-content\/uploads\/2025\/10\/IMG-20250926-WA0049-e1760470586491-768x1090.jpg 768w, https:\/\/nachohogar.com\/wp-content\/uploads\/2025\/10\/IMG-20250926-WA0049-e1760470586491-600x851.jpg 600w, https:\/\/nachohogar.com\/wp-content\/uploads\/2025\/10\/IMG-20250926-WA0049-e1760470586491-8x12.jpg 8w\" sizes=\"(max-width: 900px) 100vw, 900px\" \/>\t\t\t\t\t\t\t\t\t\t\t\t\t\t\t<\/div>\n\t\t\t\t<\/div>\n\t\t\t\t<\/div>\n\t\t\t\t\t<\/div>\n\t\t\t\t<\/div>\n\t\t<div class=\"elementor-element elementor-element-251a62a e-flex e-con-boxed e-con e-parent\" data-id=\"251a62a\" data-element_type=\"container\" data-e-type=\"container\" data-settings=\"{&quot;background_background&quot;:&quot;classic&quot;}\">\n\t\t\t\t\t<div class=\"e-con-inner\">\n\t\t<div class=\"elementor-element elementor-element-1f0c695 e-con-full e-flex e-con e-child\" data-id=\"1f0c695\" data-element_type=\"container\" data-e-type=\"container\">\n\t\t\t\t<div class=\"elementor-element elementor-element-80be05a elementor-widget elementor-widget-heading\" data-id=\"80be05a\" data-element_type=\"widget\" data-e-type=\"widget\" data-widget_type=\"heading.default\">\n\t\t\t\t<div class=\"elementor-widget-container\">\n\t\t\t\t\t<h2 class=\"elementor-heading-title elementor-size-default\">Soluciones confiables para tu hogar, tu comercio y tu negocio.<\/h2>\t\t\t\t<\/div>\n\t\t\t\t<\/div>\n\t\t\t\t<div class=\"elementor-element elementor-element-dd42eef elementor-widget elementor-widget-heading\" data-id=\"dd42eef\" data-element_type=\"widget\" data-e-type=\"widget\" data-widget_type=\"heading.default\">\n\t\t\t\t<div class=\"elementor-widget-container\">\n\t\t\t\t\t<h2 class=\"elementor-heading-title elementor-size-default\">\u00bfPor qu\u00e9 elegirnos?<\/h2>\t\t\t\t<\/div>\n\t\t\t\t<\/div>\n\t\t\t\t<div class=\"elementor-element elementor-element-fc87965 elementor-widget__width-initial elementor-widget elementor-widget-text-editor\" data-id=\"fc87965\" data-element_type=\"widget\" data-e-type=\"widget\" data-widget_type=\"text-editor.default\">\n\t\t\t\t<div class=\"elementor-widget-container\">\n\t\t\t\t\t\t\t\t\t<p>En Nacho Hogar Paraguay trabajamos con compromiso, calidad y confiabilidad para ofrecerte las mejores soluciones en equipamiento para tu hogar, tu comercio y tu negocio.<\/p>\t\t\t\t\t\t\t\t<\/div>\n\t\t\t\t<\/div>\n\t\t<div class=\"elementor-element elementor-element-1e1883a e-con-full e-flex e-con e-child\" data-id=\"1e1883a\" data-element_type=\"container\" data-e-type=\"container\">\n\t\t\t\t<div class=\"elementor-element elementor-element-081b694 elementor-align-center elementor-mobile-align-center elementor-widget elementor-widget-button\" data-id=\"081b694\" data-element_type=\"widget\" data-e-type=\"widget\" data-widget_type=\"button.default\">\n\t\t\t\t<div class=\"elementor-widget-container\">\n\t\t\t\t\t\t\t\t\t<div class=\"elementor-button-wrapper\">\n\t\t\t\t\t<a class=\"elementor-button elementor-button-link elementor-size-sm\" href=\"https:\/\/nachohogar.com\/en\/contacto\/\" target=\"_blank\">\n\t\t\t\t\t\t<span class=\"elementor-button-content-wrapper\">\n\t\t\t\t\t\t\t\t\t<span class=\"elementor-button-text\">Pone en contacto<\/span>\n\t\t\t\t\t<\/span>\n\t\t\t\t\t<\/a>\n\t\t\t\t<\/div>\n\t\t\t\t\t\t\t\t<\/div>\n\t\t\t\t<\/div>\n\t\t\t\t<\/div>\n\t\t\t\t<\/div>\n\t\t<div class=\"elementor-element elementor-element-e5d489c e-con-full e-flex e-con e-child\" data-id=\"e5d489c\" data-element_type=\"container\" data-e-type=\"container\">\n\t\t<div class=\"elementor-element elementor-element-f20acd2 e-con-full e-flex e-con e-child\" data-id=\"f20acd2\" data-element_type=\"container\" data-e-type=\"container\">\n\t\t\t\t<div class=\"elementor-element elementor-element-0c2c151 elementor-widget__width-initial elementor-widget elementor-widget-counter\" data-id=\"0c2c151\" data-element_type=\"widget\" data-e-type=\"widget\" data-widget_type=\"counter.default\">\n\t\t\t\t<div class=\"elementor-widget-container\">\n\t\t\t\t\t\t\t<div class=\"elementor-counter\">\n\t\t\t\t\t\t<div class=\"elementor-counter-number-wrapper\">\n\t\t\t\t<span class=\"elementor-counter-number-prefix\"><\/span>\n\t\t\t\t<span class=\"elementor-counter-number\" data-duration=\"2000\" data-to-value=\"15\" data-from-value=\"0\" data-delimiter=\",\">0<\/span>\n\t\t\t\t<span class=\"elementor-counter-number-suffix\">+<\/span>\n\t\t\t<\/div>\n\t\t<\/div>\n\t\t\t\t\t\t<\/div>\n\t\t\t\t<\/div>\n\t\t\t\t<div class=\"elementor-element elementor-element-94e202e elementor-widget__width-initial elementor-widget elementor-widget-image-box\" data-id=\"94e202e\" data-element_type=\"widget\" data-e-type=\"widget\" data-widget_type=\"image-box.default\">\n\t\t\t\t<div class=\"elementor-widget-container\">\n\t\t\t\t\t<div class=\"elementor-image-box-wrapper\"><div class=\"elementor-image-box-content\"><h3 class=\"elementor-image-box-title\">Marcas<\/h3><p class=\"elementor-image-box-description\">Marcas oficiales con las que trabajamos.<\/p><\/div><\/div>\t\t\t\t<\/div>\n\t\t\t\t<\/div>\n\t\t\t\t<\/div>\n\t\t<div class=\"elementor-element elementor-element-70377c3 e-con-full e-flex e-con e-child\" data-id=\"70377c3\" data-element_type=\"container\" data-e-type=\"container\">\n\t\t\t\t<div class=\"elementor-element elementor-element-a3448f2 elementor-widget__width-initial elementor-widget elementor-widget-counter\" data-id=\"a3448f2\" data-element_type=\"widget\" data-e-type=\"widget\" data-widget_type=\"counter.default\">\n\t\t\t\t<div class=\"elementor-widget-container\">\n\t\t\t\t\t\t\t<div class=\"elementor-counter\">\n\t\t\t\t\t\t<div class=\"elementor-counter-number-wrapper\">\n\t\t\t\t<span class=\"elementor-counter-number-prefix\"><\/span>\n\t\t\t\t<span class=\"elementor-counter-number\" data-duration=\"2000\" data-to-value=\"300\" data-from-value=\"0\" data-delimiter=\",\">0<\/span>\n\t\t\t\t<span class=\"elementor-counter-number-suffix\">+<\/span>\n\t\t\t<\/div>\n\t\t<\/div>\n\t\t\t\t\t\t<\/div>\n\t\t\t\t<\/div>\n\t\t\t\t<div class=\"elementor-element elementor-element-3c6999d elementor-widget__width-initial elementor-widget elementor-widget-image-box\" data-id=\"3c6999d\" data-element_type=\"widget\" data-e-type=\"widget\" data-widget_type=\"image-box.default\">\n\t\t\t\t<div class=\"elementor-widget-container\">\n\t\t\t\t\t<div class=\"elementor-image-box-wrapper\"><div class=\"elementor-image-box-content\"><h3 class=\"elementor-image-box-title\">Productos<\/h3><p class=\"elementor-image-box-description\">Productos seleccionados con env\u00edo incluido.<\/p><\/div><\/div>\t\t\t\t<\/div>\n\t\t\t\t<\/div>\n\t\t\t\t<\/div>\n\t\t\t\t<\/div>\n\t\t\t\t\t<\/div>\n\t\t\t\t<\/div>\n\t\t<div class=\"elementor-element elementor-element-40b6823 e-flex e-con-boxed e-con e-parent\" data-id=\"40b6823\" data-element_type=\"container\" data-e-type=\"container\">\n\t\t\t\t\t<div class=\"e-con-inner\">\n\t\t\t\t<div class=\"elementor-element elementor-element-b01ca92 elementor-widget__width-initial elementor-widget elementor-widget-heading\" data-id=\"b01ca92\" data-element_type=\"widget\" data-e-type=\"widget\" data-widget_type=\"heading.default\">\n\t\t\t\t<div class=\"elementor-widget-container\">\n\t\t\t\t\t<h2 class=\"elementor-heading-title elementor-size-default\">M\u00e1s que productos, ofrecemos confianza, calidad y soluciones a la medida de tu hogar o negocio.<\/h2>\t\t\t\t<\/div>\n\t\t\t\t<\/div>\n\t\t\t\t\t<\/div>\n\t\t\t\t<\/div>\n\t\t<div class=\"elementor-element elementor-element-705fd07 e-flex e-con-boxed e-con e-parent\" data-id=\"705fd07\" data-element_type=\"container\" data-e-type=\"container\">\n\t\t\t\t\t<div class=\"e-con-inner\">\n\t\t<div class=\"elementor-element elementor-element-6228370 e-con-full e-flex e-con e-child\" data-id=\"6228370\" data-element_type=\"container\" data-e-type=\"container\" data-settings=\"{&quot;background_background&quot;:&quot;classic&quot;}\">\n\t\t<div class=\"elementor-element elementor-element-a618ab6 e-con-full e-flex e-con e-child\" data-id=\"a618ab6\" data-element_type=\"container\" data-e-type=\"container\" data-settings=\"{&quot;background_background&quot;:&quot;classic&quot;}\">\n\t\t<div class=\"elementor-element elementor-element-27de2fc e-con-full e-flex e-con e-child\" data-id=\"27de2fc\" data-element_type=\"container\" data-e-type=\"container\">\n\t\t\t\t<div class=\"elementor-element elementor-element-bc15c47 elementor-widget elementor-widget-heading\" data-id=\"bc15c47\" data-element_type=\"widget\" data-e-type=\"widget\" data-widget_type=\"heading.default\">\n\t\t\t\t<div class=\"elementor-widget-container\">\n\t\t\t\t\t<h2 class=\"elementor-heading-title elementor-size-default\">TRABAJA CON NOSOTROS<\/h2>\t\t\t\t<\/div>\n\t\t\t\t<\/div>\n\t\t\t\t<div class=\"elementor-element elementor-element-e31252f elementor-widget elementor-widget-heading\" data-id=\"e31252f\" data-element_type=\"widget\" data-e-type=\"widget\" data-widget_type=\"heading.default\">\n\t\t\t\t<div class=\"elementor-widget-container\">\n\t\t\t\t\t<h2 class=\"elementor-heading-title elementor-size-default\">\u00bfTe gustar\u00eda ser parte del equipo?<\/h2>\t\t\t\t<\/div>\n\t\t\t\t<\/div>\n\t\t\t\t<div class=\"elementor-element elementor-element-95b18b9 elementor-widget elementor-widget-text-editor\" data-id=\"95b18b9\" data-element_type=\"widget\" data-e-type=\"widget\" data-widget_type=\"text-editor.default\">\n\t\t\t\t<div class=\"elementor-widget-container\">\n\t\t\t\t\t\t\t\t\t<p><span style=\"color: #ffffff;\">\ud83d\udce7 Env\u00edanos tu curr\u00edculum a <strong><a style=\"color: #ffffff;\" href=\"mailto:cv@nachohogar.com\">cv@nachohogar.com<\/a><\/strong><\/span><\/p>\t\t\t\t\t\t\t\t<\/div>\n\t\t\t\t<\/div>\n\t\t\t\t<\/div>\n\t\t\t\t<\/div>\n\t\t<div class=\"elementor-element elementor-element-22a318d e-con-full e-flex e-con e-child\" data-id=\"22a318d\" data-element_type=\"container\" data-e-type=\"container\">\n\t\t\t\t<div class=\"elementor-element elementor-element-faa2300 elementor-widget elementor-widget-spacer\" data-id=\"faa2300\" data-element_type=\"widget\" data-e-type=\"widget\" data-widget_type=\"spacer.default\">\n\t\t\t\t<div class=\"elementor-widget-container\">\n\t\t\t\t\t\t\t<div class=\"elementor-spacer\">\n\t\t\t<div class=\"elementor-spacer-inner\"><\/div>\n\t\t<\/div>\n\t\t\t\t\t\t<\/div>\n\t\t\t\t<\/div>\n\t\t\t\t<\/div>\n\t\t\t\t<\/div>\n\t\t\t\t\t<\/div>\n\t\t\t\t<\/div>\n\t\t\t\t<\/div>","protected":false},"excerpt":{"rendered":"<p>Equipamos hogares y comercios en Paraguay \ud83c\uddf5\ud83c\uddfe Con\u00f3cenos En Nacho Hogar Paraguay trabajamos d\u00eda a d\u00eda para ofrecer soluciones integrales en equipamiento para el hogar, la gastronom\u00eda y el comercio. Nos distinguimos por representar marcas l\u00edderes y brindar una atenci\u00f3n personalizada, acompa\u00f1ando a nuestros clientes en cada proyecto con compromiso y confianza. Soluciones confiables para [&hellip;]<\/p>","protected":false},"author":1,"featured_media":0,"parent":0,"menu_order":0,"comment_status":"closed","ping_status":"closed","template":"elementor_header_footer","meta":{"_joinchat":[],"footnotes":""},"class_list":["post-691","page","type-page","status-publish","hentry"],"yoast_head":"<!-- This site is optimized with the Yoast SEO plugin v27.4 - https:\/\/yoast.com\/product\/yoast-seo-wordpress\/ -->\n<title>Nacho Hogar Paraguay - Nosotros<\/title>\n<meta name=\"description\" content=\"Equipamiento industrial para tu comercio y hogar. Todo lo que necesitas, en un s\u00f3lo lugar. Tokyo, Metvisa, Progas, Edanca, Whirlpool y m\u00e1s.\" \/>\n<meta name=\"robots\" content=\"index, follow, max-snippet:-1, max-image-preview:large, max-video-preview:-1\" \/>\n<link rel=\"canonical\" href=\"https:\/\/nachohogar.com\/en\/nosotros\/\" \/>\n<meta property=\"og:locale\" content=\"en_US\" \/>\n<meta property=\"og:type\" content=\"article\" \/>\n<meta property=\"og:title\" content=\"Nacho Hogar Paraguay - Nosotros\" \/>\n<meta property=\"og:description\" content=\"Equipamiento industrial para tu comercio y hogar. Todo lo que necesitas, en un s\u00f3lo lugar. Tokyo, Metvisa, Progas, Edanca, Whirlpool y m\u00e1s.\" \/>\n<meta property=\"og:url\" content=\"https:\/\/nachohogar.com\/en\/nosotros\/\" \/>\n<meta property=\"og:site_name\" content=\"Nacho Hogar Paraguay\" \/>\n<meta property=\"article:modified_time\" content=\"2025-10-15T12:25:20+00:00\" \/>\n<meta property=\"og:image\" content=\"https:\/\/nachohogar.com\/wp-content\/uploads\/2025\/10\/IMG-20250926-WA0048.jpg\" \/>\n\t<meta property=\"og:image:width\" content=\"900\" \/>\n\t<meta property=\"og:image:height\" content=\"1600\" \/>\n\t<meta property=\"og:image:type\" content=\"image\/jpeg\" \/>\n<meta name=\"twitter:card\" content=\"summary_large_image\" \/>\n<meta name=\"twitter:label1\" content=\"Est. reading time\" \/>\n\t<meta name=\"twitter:data1\" content=\"2 minutes\" \/>\n<script type=\"application\/ld+json\" class=\"yoast-schema-graph\">{\"@context\":\"https:\\\/\\\/schema.org\",\"@graph\":[{\"@type\":\"WebPage\",\"@id\":\"https:\\\/\\\/nachohogar.com\\\/nosotros\\\/\",\"url\":\"https:\\\/\\\/nachohogar.com\\\/nosotros\\\/\",\"name\":\"Nacho Hogar Paraguay - Nosotros\",\"isPartOf\":{\"@id\":\"https:\\\/\\\/nachohogar.com\\\/#website\"},\"primaryImageOfPage\":{\"@id\":\"https:\\\/\\\/nachohogar.com\\\/nosotros\\\/#primaryimage\"},\"image\":{\"@id\":\"https:\\\/\\\/nachohogar.com\\\/nosotros\\\/#primaryimage\"},\"thumbnailUrl\":\"https:\\\/\\\/nachohogar.com\\\/wp-content\\\/uploads\\\/2025\\\/10\\\/IMG-20250926-WA0048.jpg\",\"datePublished\":\"2024-12-10T05:41:45+00:00\",\"dateModified\":\"2025-10-15T12:25:20+00:00\",\"description\":\"Equipamiento industrial para tu comercio y hogar. Todo lo que necesitas, en un s\u00f3lo lugar. Tokyo, Metvisa, Progas, Edanca, Whirlpool y m\u00e1s.\",\"breadcrumb\":{\"@id\":\"https:\\\/\\\/nachohogar.com\\\/nosotros\\\/#breadcrumb\"},\"inLanguage\":\"en-US\",\"potentialAction\":[{\"@type\":\"ReadAction\",\"target\":[\"https:\\\/\\\/nachohogar.com\\\/nosotros\\\/\"]}]},{\"@type\":\"ImageObject\",\"inLanguage\":\"en-US\",\"@id\":\"https:\\\/\\\/nachohogar.com\\\/nosotros\\\/#primaryimage\",\"url\":\"https:\\\/\\\/nachohogar.com\\\/wp-content\\\/uploads\\\/2025\\\/10\\\/IMG-20250926-WA0048.jpg\",\"contentUrl\":\"https:\\\/\\\/nachohogar.com\\\/wp-content\\\/uploads\\\/2025\\\/10\\\/IMG-20250926-WA0048.jpg\"},{\"@type\":\"BreadcrumbList\",\"@id\":\"https:\\\/\\\/nachohogar.com\\\/nosotros\\\/#breadcrumb\",\"itemListElement\":[{\"@type\":\"ListItem\",\"position\":1,\"name\":\"Inicio\",\"item\":\"https:\\\/\\\/nachohogar.com\\\/\"},{\"@type\":\"ListItem\",\"position\":2,\"name\":\"Nosotros\"}]},{\"@type\":\"WebSite\",\"@id\":\"https:\\\/\\\/nachohogar.com\\\/#website\",\"url\":\"https:\\\/\\\/nachohogar.com\\\/\",\"name\":\"Nacho Hogar Paraguay\",\"description\":\"Equipamiento industrial para tu comercio y hogar\",\"publisher\":{\"@id\":\"https:\\\/\\\/nachohogar.com\\\/#organization\"},\"potentialAction\":[{\"@type\":\"SearchAction\",\"target\":{\"@type\":\"EntryPoint\",\"urlTemplate\":\"https:\\\/\\\/nachohogar.com\\\/?s={search_term_string}\"},\"query-input\":{\"@type\":\"PropertyValueSpecification\",\"valueRequired\":true,\"valueName\":\"search_term_string\"}}],\"inLanguage\":\"en-US\"},{\"@type\":\"Organization\",\"@id\":\"https:\\\/\\\/nachohogar.com\\\/#organization\",\"name\":\"Nacho Hogar Paraguay\",\"url\":\"https:\\\/\\\/nachohogar.com\\\/\",\"logo\":{\"@type\":\"ImageObject\",\"inLanguage\":\"en-US\",\"@id\":\"https:\\\/\\\/nachohogar.com\\\/#\\\/schema\\\/logo\\\/image\\\/\",\"url\":\"https:\\\/\\\/nachohogar.com\\\/wp-content\\\/uploads\\\/2025\\\/09\\\/1-1.png\",\"contentUrl\":\"https:\\\/\\\/nachohogar.com\\\/wp-content\\\/uploads\\\/2025\\\/09\\\/1-1.png\",\"width\":2509,\"height\":2509,\"caption\":\"Nacho Hogar Paraguay\"},\"image\":{\"@id\":\"https:\\\/\\\/nachohogar.com\\\/#\\\/schema\\\/logo\\\/image\\\/\"}}]}<\/script>\n<!-- \/ Yoast SEO plugin. -->","yoast_head_json":{"title":"Nacho Hogar Paraguay - Nosotros","description":"Equipamiento industrial para tu comercio y hogar. Todo lo que necesitas, en un s\u00f3lo lugar. Tokyo, Metvisa, Progas, Edanca, Whirlpool y m\u00e1s.","robots":{"index":"index","follow":"follow","max-snippet":"max-snippet:-1","max-image-preview":"max-image-preview:large","max-video-preview":"max-video-preview:-1"},"canonical":"https:\/\/nachohogar.com\/en\/nosotros\/","og_locale":"en_US","og_type":"article","og_title":"Nacho Hogar Paraguay - Nosotros","og_description":"Equipamiento industrial para tu comercio y hogar. Todo lo que necesitas, en un s\u00f3lo lugar. Tokyo, Metvisa, Progas, Edanca, Whirlpool y m\u00e1s.","og_url":"https:\/\/nachohogar.com\/en\/nosotros\/","og_site_name":"Nacho Hogar Paraguay","article_modified_time":"2025-10-15T12:25:20+00:00","og_image":[{"width":900,"height":1600,"url":"https:\/\/nachohogar.com\/wp-content\/uploads\/2025\/10\/IMG-20250926-WA0048.jpg","type":"image\/jpeg"}],"twitter_card":"summary_large_image","twitter_misc":{"Est. reading time":"2 minutes"},"schema":{"@context":"https:\/\/schema.org","@graph":[{"@type":"WebPage","@id":"https:\/\/nachohogar.com\/nosotros\/","url":"https:\/\/nachohogar.com\/nosotros\/","name":"Nacho Hogar Paraguay - Nosotros","isPartOf":{"@id":"https:\/\/nachohogar.com\/#website"},"primaryImageOfPage":{"@id":"https:\/\/nachohogar.com\/nosotros\/#primaryimage"},"image":{"@id":"https:\/\/nachohogar.com\/nosotros\/#primaryimage"},"thumbnailUrl":"https:\/\/nachohogar.com\/wp-content\/uploads\/2025\/10\/IMG-20250926-WA0048.jpg","datePublished":"2024-12-10T05:41:45+00:00","dateModified":"2025-10-15T12:25:20+00:00","description":"Equipamiento industrial para tu comercio y hogar. Todo lo que necesitas, en un s\u00f3lo lugar. Tokyo, Metvisa, Progas, Edanca, Whirlpool y m\u00e1s.","breadcrumb":{"@id":"https:\/\/nachohogar.com\/nosotros\/#breadcrumb"},"inLanguage":"en-US","potentialAction":[{"@type":"ReadAction","target":["https:\/\/nachohogar.com\/nosotros\/"]}]},{"@type":"ImageObject","inLanguage":"en-US","@id":"https:\/\/nachohogar.com\/nosotros\/#primaryimage","url":"https:\/\/nachohogar.com\/wp-content\/uploads\/2025\/10\/IMG-20250926-WA0048.jpg","contentUrl":"https:\/\/nachohogar.com\/wp-content\/uploads\/2025\/10\/IMG-20250926-WA0048.jpg"},{"@type":"BreadcrumbList","@id":"https:\/\/nachohogar.com\/nosotros\/#breadcrumb","itemListElement":[{"@type":"ListItem","position":1,"name":"Inicio","item":"https:\/\/nachohogar.com\/"},{"@type":"ListItem","position":2,"name":"Nosotros"}]},{"@type":"WebSite","@id":"https:\/\/nachohogar.com\/#website","url":"https:\/\/nachohogar.com\/","name":"Nacho Hogar Paraguay","description":"Equipamiento industrial para tu comercio y hogar","publisher":{"@id":"https:\/\/nachohogar.com\/#organization"},"potentialAction":[{"@type":"SearchAction","target":{"@type":"EntryPoint","urlTemplate":"https:\/\/nachohogar.com\/?s={search_term_string}"},"query-input":{"@type":"PropertyValueSpecification","valueRequired":true,"valueName":"search_term_string"}}],"inLanguage":"en-US"},{"@type":"Organization","@id":"https:\/\/nachohogar.com\/#organization","name":"Nacho Hogar Paraguay","url":"https:\/\/nachohogar.com\/","logo":{"@type":"ImageObject","inLanguage":"en-US","@id":"https:\/\/nachohogar.com\/#\/schema\/logo\/image\/","url":"https:\/\/nachohogar.com\/wp-content\/uploads\/2025\/09\/1-1.png","contentUrl":"https:\/\/nachohogar.com\/wp-content\/uploads\/2025\/09\/1-1.png","width":2509,"height":2509,"caption":"Nacho Hogar Paraguay"},"image":{"@id":"https:\/\/nachohogar.com\/#\/schema\/logo\/image\/"}}]}},"_links":{"self":[{"href":"https:\/\/nachohogar.com\/en\/wp-json\/wp\/v2\/pages\/691","targetHints":{"allow":["GET"]}}],"collection":[{"href":"https:\/\/nachohogar.com\/en\/wp-json\/wp\/v2\/pages"}],"about":[{"href":"https:\/\/nachohogar.com\/en\/wp-json\/wp\/v2\/types\/page"}],"author":[{"embeddable":true,"href":"https:\/\/nachohogar.com\/en\/wp-json\/wp\/v2\/users\/1"}],"replies":[{"embeddable":true,"href":"https:\/\/nachohogar.com\/en\/wp-json\/wp\/v2\/comments?post=691"}],"version-history":[{"count":59,"href":"https:\/\/nachohogar.com\/en\/wp-json\/wp\/v2\/pages\/691\/revisions"}],"predecessor-version":[{"id":2826,"href":"https:\/\/nachohogar.com\/en\/wp-json\/wp\/v2\/pages\/691\/revisions\/2826"}],"wp:attachment":[{"href":"https:\/\/nachohogar.com\/en\/wp-json\/wp\/v2\/media?parent=691"}],"curies":[{"name":"wp","href":"https:\/\/api.w.org\/{rel}","templated":true}]}}