{"id":936,"date":"2024-12-15T10:30:36","date_gmt":"2024-12-15T10:30:36","guid":{"rendered":"https:\/\/allmart.themepreview.xyz\/home-one\/?page_id=936"},"modified":"2025-10-14T19:06:52","modified_gmt":"2025-10-14T19:06:52","slug":"contacto","status":"publish","type":"page","link":"https:\/\/nachohogar.com\/en\/contacto\/","title":{"rendered":"Contacto"},"content":{"rendered":"<div data-elementor-type=\"wp-page\" data-elementor-id=\"936\" class=\"elementor elementor-936\">\n\t\t\t\t<div class=\"elementor-element elementor-element-1ff70d0 e-flex e-con-boxed e-con e-parent\" data-id=\"1ff70d0\" data-element_type=\"container\" data-e-type=\"container\">\n\t\t\t\t\t<div class=\"e-con-inner\">\n\t\t<div class=\"elementor-element elementor-element-bfdc8e7 e-con-full e-flex e-con e-child\" data-id=\"bfdc8e7\" data-element_type=\"container\" data-e-type=\"container\">\n\t\t\t\t<div class=\"elementor-element elementor-element-d0916aa elementor-widget elementor-widget-heading\" data-id=\"d0916aa\" data-element_type=\"widget\" data-e-type=\"widget\" data-widget_type=\"heading.default\">\n\t\t\t\t<div class=\"elementor-widget-container\">\n\t\t\t\t\t<h2 class=\"elementor-heading-title elementor-size-default\">CONT\u00c1CTANOS<\/h2>\t\t\t\t<\/div>\n\t\t\t\t<\/div>\n\t\t\t\t<div class=\"elementor-element elementor-element-84d0f4e elementor-widget elementor-widget-heading\" data-id=\"84d0f4e\" data-element_type=\"widget\" data-e-type=\"widget\" data-widget_type=\"heading.default\">\n\t\t\t\t<div class=\"elementor-widget-container\">\n\t\t\t\t\t<h2 class=\"elementor-heading-title elementor-size-default\">\u00a1Estamos para ayudarte!<\/h2>\t\t\t\t<\/div>\n\t\t\t\t<\/div>\n\t\t\t\t<div class=\"elementor-element elementor-element-ad09c7e elementor-widget__width-initial elementor-widget elementor-widget-text-editor\" data-id=\"ad09c7e\" data-element_type=\"widget\" data-e-type=\"widget\" data-widget_type=\"text-editor.default\">\n\t\t\t\t<div class=\"elementor-widget-container\">\n\t\t\t\t\t\t\t\t\t<p>Complet\u00e1 el formulario o escribinos por WhatsApp para recibir atenci\u00f3n personalizada de nuestro equipo.<\/p>\t\t\t\t\t\t\t\t<\/div>\n\t\t\t\t<\/div>\n\t\t\t\t<div class=\"elementor-element elementor-element-2f9bdc7 elementor-icon-list--layout-traditional elementor-list-item-link-full_width elementor-widget elementor-widget-icon-list\" data-id=\"2f9bdc7\" data-element_type=\"widget\" data-e-type=\"widget\" data-widget_type=\"icon-list.default\">\n\t\t\t\t<div class=\"elementor-widget-container\">\n\t\t\t\t\t\t\t<ul class=\"elementor-icon-list-items\">\n\t\t\t\t\t\t\t<li class=\"elementor-icon-list-item\">\n\t\t\t\t\t\t\t\t\t\t\t<a href=\"https:\/\/maps.app.goo.gl\/yxxJBUaGMuqkkYnY6\">\n\n\t\t\t\t\t\t\t\t\t\t\t\t<span class=\"elementor-icon-list-icon\">\n\t\t\t\t\t\t\t<i aria-hidden=\"true\" class=\"allmart allmart-icon-location\"><\/i>\t\t\t\t\t\t<\/span>\n\t\t\t\t\t\t\t\t\t\t<span class=\"elementor-icon-list-text\">Tte. Ben\u00edtez y Hernandarias, San Lorenzo, Paraguay<\/span>\n\t\t\t\t\t\t\t\t\t\t\t<\/a>\n\t\t\t\t\t\t\t\t\t<\/li>\n\t\t\t\t\t\t\t\t<li class=\"elementor-icon-list-item\">\n\t\t\t\t\t\t\t\t\t\t\t<a href=\"https:\/\/wa.me\/595994916900\">\n\n\t\t\t\t\t\t\t\t\t\t\t\t<span class=\"elementor-icon-list-icon\">\n\t\t\t\t\t\t\t<i aria-hidden=\"true\" class=\"fab fa-whatsapp\"><\/i>\t\t\t\t\t\t<\/span>\n\t\t\t\t\t\t\t\t\t\t<span class=\"elementor-icon-list-text\">+595 994 916900<\/span>\n\t\t\t\t\t\t\t\t\t\t\t<\/a>\n\t\t\t\t\t\t\t\t\t<\/li>\n\t\t\t\t\t\t\t\t<li class=\"elementor-icon-list-item\">\n\t\t\t\t\t\t\t\t\t\t\t<a href=\"mailto:hola@nachohogar.com\">\n\n\t\t\t\t\t\t\t\t\t\t\t\t<span class=\"elementor-icon-list-icon\">\n\t\t\t\t\t\t\t<i aria-hidden=\"true\" class=\"allmart allmart-icon-email\"><\/i>\t\t\t\t\t\t<\/span>\n\t\t\t\t\t\t\t\t\t\t<span class=\"elementor-icon-list-text\">hola@nachohogar.com<\/span>\n\t\t\t\t\t\t\t\t\t\t\t<\/a>\n\t\t\t\t\t\t\t\t\t<\/li>\n\t\t\t\t\t\t\t\t<li class=\"elementor-icon-list-item\">\n\t\t\t\t\t\t\t\t\t\t\t<a href=\"mailto:cv@nachohogar.com\">\n\n\t\t\t\t\t\t\t\t\t\t\t\t<span class=\"elementor-icon-list-icon\">\n\t\t\t\t\t\t\t<i aria-hidden=\"true\" class=\"allmart allmart-icon-profile-circle\"><\/i>\t\t\t\t\t\t<\/span>\n\t\t\t\t\t\t\t\t\t\t<span class=\"elementor-icon-list-text\">cv@nachohogar.com<\/span>\n\t\t\t\t\t\t\t\t\t\t\t<\/a>\n\t\t\t\t\t\t\t\t\t<\/li>\n\t\t\t\t\t\t<\/ul>\n\t\t\t\t\t\t<\/div>\n\t\t\t\t<\/div>\n\t\t\t\t<\/div>\n\t\t<div class=\"elementor-element elementor-element-9742960 e-con-full e-flex e-con e-child\" data-id=\"9742960\" data-element_type=\"container\" data-e-type=\"container\">\n\t\t\t\t<div class=\"elementor-element elementor-element-f5a56b5 elementor-widget elementor-widget-shortcode\" data-id=\"f5a56b5\" data-element_type=\"widget\" data-e-type=\"widget\" data-widget_type=\"shortcode.default\">\n\t\t\t\t<div class=\"elementor-widget-container\">\n\t\t\t\t\t\t\t<div class=\"elementor-shortcode\">\n<div class=\"wpcf7 no-js\" id=\"wpcf7-f945-o1\" lang=\"en-US\" dir=\"ltr\" data-wpcf7-id=\"945\">\n<div class=\"screen-reader-response\"><p role=\"status\" aria-live=\"polite\" aria-atomic=\"true\"><\/p> <ul><\/ul><\/div>\n<form action=\"\/en\/wp-json\/wp\/v2\/pages\/936#wpcf7-f945-o1\" method=\"post\" class=\"wpcf7-form init\" aria-label=\"Contact form\" novalidate=\"novalidate\" data-status=\"init\" data-trp-original-action=\"\/en\/wp-json\/wp\/v2\/pages\/936#wpcf7-f945-o1\">\n<fieldset class=\"hidden-fields-container\"><input type=\"hidden\" name=\"_wpcf7\" value=\"945\" \/><input type=\"hidden\" name=\"_wpcf7_version\" value=\"6.1.2\" \/><input type=\"hidden\" name=\"_wpcf7_locale\" value=\"en_US\" \/><input type=\"hidden\" name=\"_wpcf7_unit_tag\" value=\"wpcf7-f945-o1\" \/><input type=\"hidden\" name=\"_wpcf7_container_post\" value=\"0\" \/><input type=\"hidden\" name=\"_wpcf7_posted_data_hash\" value=\"\" \/>\n<\/fieldset>\n<div class=\"rs_cn-form-box\">\n   <div class=\"rs_cn-form-contain-box\">\n      <label>\n         <i class=\"fa-regular fa-user\"><\/i>\n      <\/label>\n      <input type=\"text\" name=\"your-name\" placeholder=\"Nombre completo\" required=\"\">\n   <\/div>\n\n   <div class=\"rs_cn-form-contain-box\">\n      <label>\n         <i class=\"fa-regular fa-envelope\"><\/i>\n      <\/label>\n      <input type=\"email\" name=\"your-email\" placeholder=\"Correo\" required=\"\">\n   <\/div>\n\n   <div class=\"rs_cn-form-contain-box\">\n      <label>\n         <i class=\"fa-solid fa-phone\"><\/i>\n      <\/label>\n      <input type=\"text\" name=\"your-phone\" placeholder=\"Tel\u00e9fono\" required=\"\">\n   <\/div>\n\n   <div class=\"rs_cn-form-contain-box\">\n      <label>\n         <i class=\"fa-solid fa-circle-info\"><\/i>\n      <\/label>\n      <input type=\"text\" name=\"your-subject\" placeholder=\"Asunto\" required=\"\">\n   <\/div>\n\n   <div class=\"rs_cn-form-contain-box-2\">\n      <label>\n         <i class=\"fa-solid fa-pencil\"><\/i>\n      <\/label>\n      <textarea name=\"your-message\" placeholder=\"Escribe tu mensaje aqu\u00ed\" required=\"\"><\/textarea>\n   <\/div>\n\n   <div class=\"rs_cn-form-button-items-box\">\n      <div class=\"rs_cn-form-button-box\">\n         <button type=\"submit\">\n            <span><i class=\"fa-regular fa-paper-plane\"><\/i><\/span>\n            Enviar\n         <\/button>\n      <\/div>\n   <\/div>\n<\/div><div class=\"wpcf7-response-output\" aria-hidden=\"true\"><\/div>\n<input type=\"hidden\" name=\"trp-form-language\" value=\"en\"\/><\/form>\n<\/div>\n<\/div>\n\t\t\t\t\t\t<\/div>\n\t\t\t\t<\/div>\n\t\t\t\t<\/div>\n\t\t\t\t\t<\/div>\n\t\t\t\t<\/div>\n\t\t<div class=\"elementor-element elementor-element-b8c6880 e-con-full e-flex e-con e-parent\" data-id=\"b8c6880\" data-element_type=\"container\" data-e-type=\"container\">\n\t\t\t\t<div class=\"elementor-element elementor-element-50740fd elementor-widget elementor-widget-google_maps\" data-id=\"50740fd\" data-element_type=\"widget\" data-e-type=\"widget\" data-widget_type=\"google_maps.default\">\n\t\t\t\t<div class=\"elementor-widget-container\">\n\t\t\t\t\t\t\t<div class=\"elementor-custom-embed\">\n\t\t\t<iframe loading=\"lazy\"\n\t\t\t\t\tsrc=\"https:\/\/maps.google.com\/maps?q=Tte%20Benitez%20265%2C%20San%20Lorenzo%20111431%2C%20Paraguay&#038;t=m&#038;z=17&#038;output=embed&#038;iwloc=near\"\n\t\t\t\t\ttitle=\"Tte Benitez 265, San Lorenzo 111431, Paraguay\"\n\t\t\t\t\taria-label=\"Tte Benitez 265, San Lorenzo 111431, Paraguay\"\n\t\t\t><\/iframe>\n\t\t<\/div>\n\t\t\t\t\t\t<\/div>\n\t\t\t\t<\/div>\n\t\t\t\t<\/div>\n\t\t\t\t<\/div>","protected":false},"excerpt":{"rendered":"<p>CONT\u00c1CTANOS \u00a1Estamos para ayudarte! Complet\u00e1 el formulario o escribinos por WhatsApp para recibir atenci\u00f3n personalizada de nuestro equipo. Tte. Ben\u00edtez y Hernandarias, San Lorenzo, Paraguay +595 994 916900 hola@nachohogar.com cv@nachohogar.com<\/p>","protected":false},"author":1,"featured_media":0,"parent":0,"menu_order":0,"comment_status":"closed","ping_status":"closed","template":"elementor_header_footer","meta":{"_joinchat":[],"footnotes":""},"class_list":["post-936","page","type-page","status-publish","hentry"],"yoast_head":"<!-- This site is optimized with the Yoast SEO plugin v27.4 - https:\/\/yoast.com\/product\/yoast-seo-wordpress\/ -->\n<title>Nacho Hogar Paraguay - Contacto<\/title>\n<meta name=\"description\" content=\"Equipamiento industrial para tu comercio y hogar. Todo lo que necesitas, en un s\u00f3lo lugar. Tokyo, Metvisa, Progas, Edanca, Whirlpool y m\u00e1s.\" \/>\n<meta name=\"robots\" content=\"index, follow, max-snippet:-1, max-image-preview:large, max-video-preview:-1\" \/>\n<link rel=\"canonical\" href=\"https:\/\/nachohogar.com\/en\/contacto\/\" \/>\n<meta property=\"og:locale\" content=\"en_US\" \/>\n<meta property=\"og:type\" content=\"article\" \/>\n<meta property=\"og:title\" content=\"Nacho Hogar Paraguay - Contacto\" \/>\n<meta property=\"og:description\" content=\"Equipamiento industrial para tu comercio y hogar. Todo lo que necesitas, en un s\u00f3lo lugar. Tokyo, Metvisa, Progas, Edanca, Whirlpool y m\u00e1s.\" \/>\n<meta property=\"og:url\" content=\"https:\/\/nachohogar.com\/en\/contacto\/\" \/>\n<meta property=\"og:site_name\" content=\"Nacho Hogar Paraguay\" \/>\n<meta property=\"article:modified_time\" content=\"2025-10-14T19:06:52+00:00\" \/>\n<meta name=\"twitter:card\" content=\"summary_large_image\" \/>\n<meta name=\"twitter:label1\" content=\"Est. reading time\" \/>\n\t<meta name=\"twitter:data1\" content=\"1 minute\" \/>\n<script type=\"application\/ld+json\" class=\"yoast-schema-graph\">{\"@context\":\"https:\\\/\\\/schema.org\",\"@graph\":[{\"@type\":\"WebPage\",\"@id\":\"https:\\\/\\\/nachohogar.com\\\/contacto\\\/\",\"url\":\"https:\\\/\\\/nachohogar.com\\\/contacto\\\/\",\"name\":\"Nacho Hogar Paraguay - Contacto\",\"isPartOf\":{\"@id\":\"https:\\\/\\\/nachohogar.com\\\/#website\"},\"datePublished\":\"2024-12-15T10:30:36+00:00\",\"dateModified\":\"2025-10-14T19:06:52+00:00\",\"description\":\"Equipamiento industrial para tu comercio y hogar. Todo lo que necesitas, en un s\u00f3lo lugar. Tokyo, Metvisa, Progas, Edanca, Whirlpool y m\u00e1s.\",\"breadcrumb\":{\"@id\":\"https:\\\/\\\/nachohogar.com\\\/contacto\\\/#breadcrumb\"},\"inLanguage\":\"en-US\",\"potentialAction\":[{\"@type\":\"ReadAction\",\"target\":[\"https:\\\/\\\/nachohogar.com\\\/contacto\\\/\"]}]},{\"@type\":\"BreadcrumbList\",\"@id\":\"https:\\\/\\\/nachohogar.com\\\/contacto\\\/#breadcrumb\",\"itemListElement\":[{\"@type\":\"ListItem\",\"position\":1,\"name\":\"Inicio\",\"item\":\"https:\\\/\\\/nachohogar.com\\\/\"},{\"@type\":\"ListItem\",\"position\":2,\"name\":\"Contacto\"}]},{\"@type\":\"WebSite\",\"@id\":\"https:\\\/\\\/nachohogar.com\\\/#website\",\"url\":\"https:\\\/\\\/nachohogar.com\\\/\",\"name\":\"Nacho Hogar Paraguay\",\"description\":\"Equipamiento industrial para tu comercio y hogar\",\"publisher\":{\"@id\":\"https:\\\/\\\/nachohogar.com\\\/#organization\"},\"potentialAction\":[{\"@type\":\"SearchAction\",\"target\":{\"@type\":\"EntryPoint\",\"urlTemplate\":\"https:\\\/\\\/nachohogar.com\\\/?s={search_term_string}\"},\"query-input\":{\"@type\":\"PropertyValueSpecification\",\"valueRequired\":true,\"valueName\":\"search_term_string\"}}],\"inLanguage\":\"en-US\"},{\"@type\":\"Organization\",\"@id\":\"https:\\\/\\\/nachohogar.com\\\/#organization\",\"name\":\"Nacho Hogar Paraguay\",\"url\":\"https:\\\/\\\/nachohogar.com\\\/\",\"logo\":{\"@type\":\"ImageObject\",\"inLanguage\":\"en-US\",\"@id\":\"https:\\\/\\\/nachohogar.com\\\/#\\\/schema\\\/logo\\\/image\\\/\",\"url\":\"https:\\\/\\\/nachohogar.com\\\/wp-content\\\/uploads\\\/2025\\\/09\\\/1-1.png\",\"contentUrl\":\"https:\\\/\\\/nachohogar.com\\\/wp-content\\\/uploads\\\/2025\\\/09\\\/1-1.png\",\"width\":2509,\"height\":2509,\"caption\":\"Nacho Hogar Paraguay\"},\"image\":{\"@id\":\"https:\\\/\\\/nachohogar.com\\\/#\\\/schema\\\/logo\\\/image\\\/\"}}]}<\/script>\n<!-- \/ Yoast SEO plugin. -->","yoast_head_json":{"title":"Nacho Hogar Paraguay - Contacto","description":"Equipamiento industrial para tu comercio y hogar. Todo lo que necesitas, en un s\u00f3lo lugar. Tokyo, Metvisa, Progas, Edanca, Whirlpool y m\u00e1s.","robots":{"index":"index","follow":"follow","max-snippet":"max-snippet:-1","max-image-preview":"max-image-preview:large","max-video-preview":"max-video-preview:-1"},"canonical":"https:\/\/nachohogar.com\/en\/contacto\/","og_locale":"en_US","og_type":"article","og_title":"Nacho Hogar Paraguay - Contacto","og_description":"Equipamiento industrial para tu comercio y hogar. Todo lo que necesitas, en un s\u00f3lo lugar. Tokyo, Metvisa, Progas, Edanca, Whirlpool y m\u00e1s.","og_url":"https:\/\/nachohogar.com\/en\/contacto\/","og_site_name":"Nacho Hogar Paraguay","article_modified_time":"2025-10-14T19:06:52+00:00","twitter_card":"summary_large_image","twitter_misc":{"Est. reading time":"1 minute"},"schema":{"@context":"https:\/\/schema.org","@graph":[{"@type":"WebPage","@id":"https:\/\/nachohogar.com\/contacto\/","url":"https:\/\/nachohogar.com\/contacto\/","name":"Nacho Hogar Paraguay - Contacto","isPartOf":{"@id":"https:\/\/nachohogar.com\/#website"},"datePublished":"2024-12-15T10:30:36+00:00","dateModified":"2025-10-14T19:06:52+00:00","description":"Equipamiento industrial para tu comercio y hogar. Todo lo que necesitas, en un s\u00f3lo lugar. Tokyo, Metvisa, Progas, Edanca, Whirlpool y m\u00e1s.","breadcrumb":{"@id":"https:\/\/nachohogar.com\/contacto\/#breadcrumb"},"inLanguage":"en-US","potentialAction":[{"@type":"ReadAction","target":["https:\/\/nachohogar.com\/contacto\/"]}]},{"@type":"BreadcrumbList","@id":"https:\/\/nachohogar.com\/contacto\/#breadcrumb","itemListElement":[{"@type":"ListItem","position":1,"name":"Inicio","item":"https:\/\/nachohogar.com\/"},{"@type":"ListItem","position":2,"name":"Contacto"}]},{"@type":"WebSite","@id":"https:\/\/nachohogar.com\/#website","url":"https:\/\/nachohogar.com\/","name":"Nacho Hogar Paraguay","description":"Equipamiento industrial para tu comercio y hogar","publisher":{"@id":"https:\/\/nachohogar.com\/#organization"},"potentialAction":[{"@type":"SearchAction","target":{"@type":"EntryPoint","urlTemplate":"https:\/\/nachohogar.com\/?s={search_term_string}"},"query-input":{"@type":"PropertyValueSpecification","valueRequired":true,"valueName":"search_term_string"}}],"inLanguage":"en-US"},{"@type":"Organization","@id":"https:\/\/nachohogar.com\/#organization","name":"Nacho Hogar Paraguay","url":"https:\/\/nachohogar.com\/","logo":{"@type":"ImageObject","inLanguage":"en-US","@id":"https:\/\/nachohogar.com\/#\/schema\/logo\/image\/","url":"https:\/\/nachohogar.com\/wp-content\/uploads\/2025\/09\/1-1.png","contentUrl":"https:\/\/nachohogar.com\/wp-content\/uploads\/2025\/09\/1-1.png","width":2509,"height":2509,"caption":"Nacho Hogar Paraguay"},"image":{"@id":"https:\/\/nachohogar.com\/#\/schema\/logo\/image\/"}}]}},"_links":{"self":[{"href":"https:\/\/nachohogar.com\/en\/wp-json\/wp\/v2\/pages\/936","targetHints":{"allow":["GET"]}}],"collection":[{"href":"https:\/\/nachohogar.com\/en\/wp-json\/wp\/v2\/pages"}],"about":[{"href":"https:\/\/nachohogar.com\/en\/wp-json\/wp\/v2\/types\/page"}],"author":[{"embeddable":true,"href":"https:\/\/nachohogar.com\/en\/wp-json\/wp\/v2\/users\/1"}],"replies":[{"embeddable":true,"href":"https:\/\/nachohogar.com\/en\/wp-json\/wp\/v2\/comments?post=936"}],"version-history":[{"count":25,"href":"https:\/\/nachohogar.com\/en\/wp-json\/wp\/v2\/pages\/936\/revisions"}],"predecessor-version":[{"id":2427,"href":"https:\/\/nachohogar.com\/en\/wp-json\/wp\/v2\/pages\/936\/revisions\/2427"}],"wp:attachment":[{"href":"https:\/\/nachohogar.com\/en\/wp-json\/wp\/v2\/media?parent=936"}],"curies":[{"name":"wp","href":"https:\/\/api.w.org\/{rel}","templated":true}]}}